{"id":3831,"date":"2025-08-08T19:12:40","date_gmt":"2025-08-08T22:12:40","guid":{"rendered":"https:\/\/crescernet.com.br\/plano30dias\/?post_type=product&#038;p=3831"},"modified":"2025-08-08T19:12:40","modified_gmt":"2025-08-08T22:12:40","slug":"caneca-vegano-em-casa-1","status":"publish","type":"product","link":"https:\/\/crescernet.com.br\/plano30dias\/index.php\/product\/caneca-vegano-em-casa-1\/","title":{"rendered":"Caneca Vegano em Casa 1"},"content":{"rendered":"<p><strong data-start=\"153\" data-end=\"205\">As canecas oficiais do @vegano.em.casa chegaram!<\/strong><br data-start=\"205\" data-end=\"208\" \/>Com frases veganas bem-humoradas, design exclusivo e consci\u00eancia em cada detalhe.<br data-start=\"289\" data-end=\"292\" \/>\u2800<br data-start=\"293\" data-end=\"296\" data-is-only-node=\"\" \/>Perfeitas para o seu caf\u00e9 com leite vegetal ou ch\u00e1 da tarde com milit\u00e2ncia\u00a0<br data-start=\"375\" data-end=\"378\" \/>Feitas para quem escolheu amar os animais at\u00e9 na hora do gole!<br data-start=\"443\" data-end=\"446\" \/>\u2800<br data-start=\"447\" data-end=\"450\" \/><strong data-start=\"452\" data-end=\"496\">Modelos criativos, veganos e divertidos.<\/strong><br data-start=\"496\" data-end=\"499\" \/>Enviamos pra todo o Brasil!<br data-start=\"529\" data-end=\"532\" \/>Presente perfeito pra voc\u00ea ou pra aquele(a) amigo(a) que vive dizendo \u201cs\u00f3 como carne de vez em quando\u201d.<\/p>\n<p><label class=\"informacoes__label\" for=\"especificacoes\">Especifica\u00e7\u00f5es<\/label><\/p>\n<div id=\"informacoes-especificacoes\" class=\"informacoes__conteudo\">\n<p class=\"informacoes__span\"><strong>T\u00e9cnica de impress\u00e3o:<\/strong>\u00a0Sublima\u00e7\u00e3o.<\/p>\n<p class=\"informacoes__span\"><strong>Composi\u00e7\u00e3o:<\/strong>\u00a0Caneca branca em porcelana, tamanho \u00fanico.<\/p>\n<p class=\"informacoes__span\"><strong>Caracter\u00edsticas:<\/strong>\u00a0Nossas canecas s\u00e3o produzidas artesanalmente, assim algumas imperfei\u00e7\u00f5es s\u00e3o consideradas caracter\u00edsticas normais, como marcas no fundo, pequenos furos na al\u00e7a, alturas e tonalidades diferentes entre elas.<\/p>\n<p><input id=\"especificacoes\" class=\"informacoes__input\" name=\"tipo\" type=\"radio\" value=\"especificacoes\" \/><label class=\"informacoes__label\" for=\"especificacoes\">Medidas<\/label><\/p>\n<div id=\"informacoes-medidas\" class=\"informacoes__conteudo\">\n<p class=\"informacoes__span\"><strong>Tamanho:<\/strong>\u00a0325ml.<\/p>\n<p class=\"informacoes__span\"><strong>Aten\u00e7\u00e3o:<\/strong>\u00a0Pra manter a caneca por mais tempo, nada de esponja abrasiva ou lava-lou\u00e7as; uma esponjinha macia j\u00e1 d\u00e1 conta do recado. Al\u00e9m disso, n\u00e3o utilize m\u00e1quina de lavar na limpeza.<\/p>\n<\/div>\n<\/div>\n","protected":false},"excerpt":{"rendered":"<p><label class=\"informacoes__label\" for=\"especificacoes\">Especifica\u00e7\u00f5es<\/label><\/p>\n<div id=\"informacoes-especificacoes\" class=\"informacoes__conteudo\">\n<p class=\"informacoes__span\"><strong>T\u00e9cnica de impress\u00e3o:<\/strong>\u00a0Sublima\u00e7\u00e3o.<\/p>\n<p class=\"informacoes__span\"><strong>Composi\u00e7\u00e3o:<\/strong>\u00a0Caneca branca em porcelana, tamanho \u00fanico.<\/p>\n<p class=\"informacoes__span\"><strong>Caracter\u00edsticas:<\/strong>\u00a0Nossas canecas s\u00e3o produzidas artesanalmente, assim algumas imperfei\u00e7\u00f5es s\u00e3o consideradas caracter\u00edsticas normais, como marcas no fundo, pequenos furos na al\u00e7a, alturas e tonalidades diferentes entre elas.<\/p>\n<p><input id=\"especificacoes\" class=\"informacoes__input\" name=\"tipo\" type=\"radio\" value=\"especificacoes\" \/><label class=\"informacoes__label\" for=\"especificacoes\">Medidas<\/label><\/p>\n<div id=\"informacoes-medidas\" class=\"informacoes__conteudo\">\n<p class=\"informacoes__span\"><strong>Tamanho:<\/strong>\u00a0325ml.<\/p>\n<p class=\"informacoes__span\"><strong>Aten\u00e7\u00e3o:<\/strong>\u00a0Pra manter a caneca por mais tempo, nada de esponja abrasiva ou lava-lou\u00e7as; uma esponjinha macia j\u00e1 d\u00e1 conta do recado. Al\u00e9m disso, n\u00e3o utilize m\u00e1quina de lavar na limpeza.<\/p>\n<\/div>\n<\/div>\n","protected":false},"featured_media":3834,"comment_status":"open","ping_status":"closed","template":"","meta":{"_kadence_starter_templates_imported_post":false,"_kad_post_transparent":"default","_kad_post_title":"","_kad_post_layout":"default","_kad_post_sidebar_id":"","_kad_post_content_style":"default","_kad_post_vertical_padding":"default","_kad_post_feature":"","_kad_post_feature_position":"","_kad_post_header":false,"_kad_post_footer":false},"product_cat":[35],"product_tag":[],"class_list":{"0":"post-3831","1":"product","2":"type-product","3":"status-publish","4":"has-post-thumbnail","6":"product_cat-uncategorized","8":"first","9":"instock","10":"sale","11":"shipping-taxable","12":"product-type-external","13":"entry","14":"content-bg","15":"loop-entry"},"jetpack_sharing_enabled":true,"_links":{"self":[{"href":"https:\/\/crescernet.com.br\/plano30dias\/index.php\/wp-json\/wp\/v2\/product\/3831"}],"collection":[{"href":"https:\/\/crescernet.com.br\/plano30dias\/index.php\/wp-json\/wp\/v2\/product"}],"about":[{"href":"https:\/\/crescernet.com.br\/plano30dias\/index.php\/wp-json\/wp\/v2\/types\/product"}],"replies":[{"embeddable":true,"href":"https:\/\/crescernet.com.br\/plano30dias\/index.php\/wp-json\/wp\/v2\/comments?post=3831"}],"wp:featuredmedia":[{"embeddable":true,"href":"https:\/\/crescernet.com.br\/plano30dias\/index.php\/wp-json\/wp\/v2\/media\/3834"}],"wp:attachment":[{"href":"https:\/\/crescernet.com.br\/plano30dias\/index.php\/wp-json\/wp\/v2\/media?parent=3831"}],"wp:term":[{"taxonomy":"product_cat","embeddable":true,"href":"https:\/\/crescernet.com.br\/plano30dias\/index.php\/wp-json\/wp\/v2\/product_cat?post=3831"},{"taxonomy":"product_tag","embeddable":true,"href":"https:\/\/crescernet.com.br\/plano30dias\/index.php\/wp-json\/wp\/v2\/product_tag?post=3831"}],"curies":[{"name":"wp","href":"https:\/\/api.w.org\/{rel}","templated":true}]}}