{"id":3826,"date":"2025-08-08T18:58:23","date_gmt":"2025-08-08T21:58:23","guid":{"rendered":"https:\/\/crescernet.com.br\/plano30dias\/?post_type=product&#038;p=3826"},"modified":"2025-08-08T19:07:23","modified_gmt":"2025-08-08T22:07:23","slug":"bone-vegan-americano-com-tela","status":"publish","type":"product","link":"https:\/\/crescernet.com.br\/plano30dias\/index.php\/product\/bone-vegan-americano-com-tela\/","title":{"rendered":"Bon\u00e9 Vegan Americano com Tela"},"content":{"rendered":"<p id=\"isPasted\">Mostre ao mundo sua escolha com estilo e prop\u00f3sito!<\/p>\n<p>Nosso Bon\u00e9 Vegano Pelos Animais \u00e9 mais do que um acess\u00f3rio \u2014 \u00e9 um manifesto consciente em defesa dos animais, com muito conforto e personalidade.<\/p>\n<p>Design americano com tela (estilo trucker) que garante ventila\u00e7\u00e3o ideal e ajuste leve para o dia a dia.<\/p>\n<p><label class=\"informacoes__label\" for=\"especificacoes\">Especifica\u00e7\u00f5es<\/label><\/p>\n<div id=\"informacoes-especificacoes\" class=\"informacoes__conteudo\">\n<p class=\"informacoes__span\"><strong>T\u00e9cnica de impress\u00e3o:<\/strong>\u00a0DTF (Direct to Film).<\/p>\n<p class=\"informacoes__span\"><strong>Composi\u00e7\u00e3o:<\/strong>\u00a0Frente em tecido, parte traseira em tela. Com aba anat\u00f4mica e ajuste na parte traseira.<\/p>\n<p class=\"informacoes__span\"><strong>Cores do produto:<\/strong>\u00a0Como cada tela de computador ou celular tem seu pr\u00f3prio jeito de mostrar cores, ent\u00e3o a cor do seu produto e da estampa pode ser um pouco diferente do que voc\u00ea viu online.<\/p>\n<\/div>\n","protected":false},"excerpt":{"rendered":"<p><label class=\"informacoes__label\" for=\"especificacoes\">Especifica\u00e7\u00f5es<\/label><\/p>\n<div id=\"informacoes-especificacoes\" class=\"informacoes__conteudo\">\n<p class=\"informacoes__span\"><strong>T\u00e9cnica de impress\u00e3o:<\/strong>\u00a0DTF (Direct to Film).<\/p>\n<p class=\"informacoes__span\"><strong>Composi\u00e7\u00e3o:<\/strong>\u00a0Frente em tecido, parte traseira em tela. Com aba anat\u00f4mica e ajuste na parte traseira.<\/p>\n<p class=\"informacoes__span\"><strong>Cores do produto:<\/strong>\u00a0Como cada tela de computador ou celular tem seu pr\u00f3prio jeito de mostrar cores, ent\u00e3o a cor do seu produto e da estampa pode ser um pouco diferente do que voc\u00ea viu online.<\/p>\n<\/div>\n","protected":false},"featured_media":3827,"comment_status":"open","ping_status":"closed","template":"","meta":{"_kadence_starter_templates_imported_post":false,"_kad_post_transparent":"default","_kad_post_title":"","_kad_post_layout":"default","_kad_post_sidebar_id":"","_kad_post_content_style":"default","_kad_post_vertical_padding":"default","_kad_post_feature":"","_kad_post_feature_position":"","_kad_post_header":false,"_kad_post_footer":false},"product_cat":[35],"product_tag":[],"class_list":{"0":"post-3826","1":"product","2":"type-product","3":"status-publish","4":"has-post-thumbnail","6":"product_cat-uncategorized","8":"first","9":"instock","10":"sale","11":"shipping-taxable","12":"product-type-external","13":"entry","14":"content-bg","15":"loop-entry"},"jetpack_sharing_enabled":true,"_links":{"self":[{"href":"https:\/\/crescernet.com.br\/plano30dias\/index.php\/wp-json\/wp\/v2\/product\/3826"}],"collection":[{"href":"https:\/\/crescernet.com.br\/plano30dias\/index.php\/wp-json\/wp\/v2\/product"}],"about":[{"href":"https:\/\/crescernet.com.br\/plano30dias\/index.php\/wp-json\/wp\/v2\/types\/product"}],"replies":[{"embeddable":true,"href":"https:\/\/crescernet.com.br\/plano30dias\/index.php\/wp-json\/wp\/v2\/comments?post=3826"}],"wp:featuredmedia":[{"embeddable":true,"href":"https:\/\/crescernet.com.br\/plano30dias\/index.php\/wp-json\/wp\/v2\/media\/3827"}],"wp:attachment":[{"href":"https:\/\/crescernet.com.br\/plano30dias\/index.php\/wp-json\/wp\/v2\/media?parent=3826"}],"wp:term":[{"taxonomy":"product_cat","embeddable":true,"href":"https:\/\/crescernet.com.br\/plano30dias\/index.php\/wp-json\/wp\/v2\/product_cat?post=3826"},{"taxonomy":"product_tag","embeddable":true,"href":"https:\/\/crescernet.com.br\/plano30dias\/index.php\/wp-json\/wp\/v2\/product_tag?post=3826"}],"curies":[{"name":"wp","href":"https:\/\/api.w.org\/{rel}","templated":true}]}}