{"id":3820,"date":"2025-08-08T18:05:18","date_gmt":"2025-08-08T21:05:18","guid":{"rendered":"https:\/\/crescernet.com.br\/plano30dias\/?post_type=product&#038;p=3820"},"modified":"2025-08-08T18:14:23","modified_gmt":"2025-08-08T21:14:23","slug":"62-receitas-veganas-super-proteicas-livro-fisico","status":"publish","type":"product","link":"https:\/\/crescernet.com.br\/plano30dias\/index.php\/product\/62-receitas-veganas-super-proteicas-livro-fisico\/","title":{"rendered":"62 Receitas veganas Super Proteicas Livro F\u00edsico"},"content":{"rendered":"<p><strong>Alimente-se de Sa\u00fade, Energia e Sabor com Livro 62 Receitas Veganas Super Proteicas&#8221;<\/strong> \ud83c\udf31\ud83d\udcaa<\/p>\n<p>Voc\u00ea est\u00e1 em busca de refei\u00e7\u00f5es que sejam deliciosas, pr\u00e1ticas e altamente nutritivas? Quer saber como incluir mais prote\u00edna no seu dia a dia de forma simples e saud\u00e1vel? Este ebook foi feito para voc\u00ea!<\/p>\n<p>Com <strong>62 receitas exclusivas<\/strong>, ele traz pratos que v\u00e3o transformar sua alimenta\u00e7\u00e3o, ajudando voc\u00ea a:<\/p>\n<p>\u2705 <strong>Aumentar sua ingest\u00e3o de prote\u00ednas<\/strong> de forma 100% vegetal.<br \/>\n\u2705 <strong>Manter uma dieta equilibrada<\/strong> sem abrir m\u00e3o do sabor.<br \/>\n\u2705 <strong>Cuidar do corpo e da mente<\/strong>, garantindo energia e bem-estar.<br \/>\n\u2705 <strong>Preparar refei\u00e7\u00f5es pr\u00e1ticas<\/strong> para qualquer momento do dia.<\/p>\n<p>\u2714\ufe0f <strong>Ideal para quem treina ou tem uma rotina ativa:<\/strong> Garanta a energia e os nutrientes que o seu corpo precisa.<br \/>\n\u2714\ufe0f <strong>100% vegano e saud\u00e1vel:<\/strong> Uma alternativa \u00e9tica, sustent\u00e1vel e deliciosa.<br \/>\n\u2714\ufe0f <strong>Vers\u00e1til e acess\u00edvel:<\/strong> Receitas que cabem no seu or\u00e7amento e no seu dia a dia.<br \/>\n\u2714\ufe0f <strong>Ajuda na constru\u00e7\u00e3o muscular e no fortalecimento do corpo:<\/strong> Sem complica\u00e7\u00f5es ou ingredientes dif\u00edceis.<\/p>\n<div class=\"elementor-element elementor-element-6f9f00b3 elementor-widget elementor-widget-text-editor\" data-id=\"6f9f00b3\" data-element_type=\"widget\" data-widget_type=\"text-editor.default\">\n<div class=\"elementor-widget-container\">\n<p>Leve para casa o livro f\u00edsico com\u00a0<strong data-start=\"1364\" data-end=\"1403\">62 receitas veganas super proteicas<\/strong><\/p>\n<\/div>\n<\/div>\n<div class=\"elementor-element elementor-element-7f2366f3 elementor-widget elementor-widget-text-editor\" data-id=\"7f2366f3\" data-element_type=\"widget\" data-widget_type=\"text-editor.default\">\n<div class=\"elementor-widget-container\">\n<p>Mais energia, sabor e nutri\u00e7\u00e3o para sua alimenta\u00e7\u00e3o vegana.<\/p>\n<p>Ideal para quem quervariar o card\u00e1pio, comer melhor e manter o foco na sa\u00fade \u2014 sem ingredientes de origem animal.<\/p>\n<p data-start=\"1602\" data-end=\"1681\">\ud83d\udce6\u00a0Entrega r\u00e1pida para todo o Brasil<br data-start=\"1638\" data-end=\"1641\" \/>\ud83c\udf81\u00a0Acompanha 3 b\u00f4nus digitais exclusivos<\/p>\n<div class=\"elementor-element elementor-element-7c06c14f elementor-widget elementor-widget-text-editor\" data-id=\"7c06c14f\" data-element_type=\"widget\" data-widget_type=\"text-editor.default\">\n<div class=\"elementor-widget-container\">\n<p>Um livro pr\u00e1tico, direto e feito para o seu dia a dia<\/p>\n<\/div>\n<\/div>\n<div class=\"elementor-element elementor-element-17df8339 elementor-widget elementor-widget-text-editor\" data-id=\"17df8339\" data-element_type=\"widget\" data-widget_type=\"text-editor.default\">\n<div class=\"elementor-widget-container\">\n<p data-start=\"1878\" data-end=\"1947\">\u2714\u00a062 receitas testadas, saborosas e com alto teor de prote\u00edna vegetal<\/p>\n<p data-start=\"1950\" data-end=\"2009\">\u2714\u00a0Divididas entre refei\u00e7\u00f5es completas, lanches e sobremesas<\/p>\n<p data-start=\"2012\" data-end=\"2068\">\u2714\u00a0Receitas simples, com ingredientes f\u00e1ceis de encontrar<\/p>\n<p data-start=\"2071\" data-end=\"2135\">\u2714\u00a0Ideal para quem treina, quer ganhar massa ou ter mais disposi\u00e7\u00e3o<\/p>\n<p data-start=\"2071\" data-end=\"2135\">\ud83d\udcd6\u00a0<strong data-start=\"2140\" data-end=\"2161\">Formato impresso:<\/strong>\u00a0Tamanho 15.9 x 23cm, 44 p\u00e1ginas, capa laminada, impress\u00e3o colorida em papel couch\u00ea 90g\/m\u00b2, Grampo<\/p>\n<\/div>\n<\/div>\n<\/div>\n<\/div>\n<hr \/>\n<h3><strong>Pronto para transformar sua alimenta\u00e7\u00e3o?<\/strong><\/h3>\n<p>Com este ebook, voc\u00ea n\u00e3o s\u00f3 ter\u00e1 em m\u00e3os <strong>62 receitas incr\u00edveis<\/strong>, mas tamb\u00e9m estar\u00e1 investindo na sua sa\u00fade, performance e bem-estar.<\/p>\n<p>\ud83c\udf1f <strong>Fa\u00e7a a escolha certa hoje. Alimenta\u00e7\u00e3o vegana, cheia de sabor e com prote\u00ednas na medida certa, est\u00e1 a apenas um clique de dist\u00e2ncia!<\/strong><\/p>\n<p><strong>\ud83d\udc49 Garanta o seu agora e comece j\u00e1 a preparar pratos nutritivos e irresist\u00edveis!<\/strong><\/p>\n","protected":false},"excerpt":{"rendered":"<p><strong>62 Receitas Veganas Super Proteicas&#8221;<\/strong> \ud83c\udf31\ud83d\udcaa<\/p>\n<p>Transforme sua alimenta\u00e7\u00e3o com pratos deliciosos, nutritivos e repletos de prote\u00ednas vegetais!<\/p>\n<ul>\n<li><strong>Receitas criativas e f\u00e1ceis de preparar<\/strong> para todas as refei\u00e7\u00f5es do dia.<\/li>\n<li><strong>Fontes ricas de prote\u00edna<\/strong> que sustentam e nutrem seu corpo.<\/li>\n<li><strong>Ingredientes simples e acess\u00edveis<\/strong>, sem complica\u00e7\u00f5es na cozinha.<\/li>\n<li>Ideal para atletas, veganos ou quem busca refei\u00e7\u00f5es mais saud\u00e1veis e balanceadas.<\/li>\n<\/ul>\n<div class=\"elementor-element elementor-element-6f9f00b3 elementor-widget elementor-widget-text-editor\" data-id=\"6f9f00b3\" data-element_type=\"widget\" data-widget_type=\"text-editor.default\">\n<div class=\"elementor-widget-container\">\n<p>Leve para casa o livro f\u00edsico com\u00a0<strong data-start=\"1364\" data-end=\"1403\">62 receitas veganas super proteicas<\/strong><\/p>\n<\/div>\n<\/div>\n<div class=\"elementor-element elementor-element-7f2366f3 elementor-widget elementor-widget-text-editor\" data-id=\"7f2366f3\" data-element_type=\"widget\" data-widget_type=\"text-editor.default\">\n<div class=\"elementor-widget-container\">\n<p>Mais energia, sabor e nutri\u00e7\u00e3o para sua alimenta\u00e7\u00e3o vegana.<\/p>\n<p>Ideal para quem quervariar o card\u00e1pio, comer melhor e manter o foco na sa\u00fade \u2014 sem ingredientes de origem animal.<\/p>\n<p data-start=\"1602\" data-end=\"1681\">\ud83d\udce6\u00a0Entrega r\u00e1pida para todo o Brasil<br data-start=\"1638\" data-end=\"1641\" \/>\ud83c\udf81\u00a0Acompanha 3 b\u00f4nus digitais exclusivos<\/p>\n<div class=\"elementor-element elementor-element-7c06c14f elementor-widget elementor-widget-text-editor\" data-id=\"7c06c14f\" data-element_type=\"widget\" data-widget_type=\"text-editor.default\">\n<div class=\"elementor-widget-container\">\n<p>Um livro pr\u00e1tico, direto e feito para o seu dia a dia<\/p>\n<\/div>\n<\/div>\n<div class=\"elementor-element elementor-element-17df8339 elementor-widget elementor-widget-text-editor\" data-id=\"17df8339\" data-element_type=\"widget\" data-widget_type=\"text-editor.default\">\n<div class=\"elementor-widget-container\">\n<p data-start=\"1878\" data-end=\"1947\">\u2714\u00a062 receitas testadas, saborosas e com alto teor de prote\u00edna vegetal<\/p>\n<p data-start=\"1950\" data-end=\"2009\">\u2714\u00a0Divididas entre refei\u00e7\u00f5es completas, lanches e sobremesas<\/p>\n<p data-start=\"2012\" data-end=\"2068\">\u2714\u00a0Receitas simples, com ingredientes f\u00e1ceis de encontrar<\/p>\n<p data-start=\"2071\" data-end=\"2135\">\u2714\u00a0Ideal para quem treina, quer ganhar massa ou ter mais disposi\u00e7\u00e3o<\/p>\n<p data-start=\"2071\" data-end=\"2135\">\ud83d\udcd6\u00a0<strong data-start=\"2140\" data-end=\"2161\">Formato impresso:<\/strong>\u00a0Tamanho 15.9 x 23cm, 44 p\u00e1ginas, capa laminada, impress\u00e3o colorida em papel couch\u00ea 90g\/m\u00b2, Grampo<\/p>\n<\/div>\n<\/div>\n<\/div>\n<\/div>\n","protected":false},"featured_media":3821,"comment_status":"open","ping_status":"closed","template":"","meta":{"_kadence_starter_templates_imported_post":false,"_kad_post_transparent":"default","_kad_post_title":"","_kad_post_layout":"default","_kad_post_sidebar_id":"","_kad_post_content_style":"default","_kad_post_vertical_padding":"default","_kad_post_feature":"","_kad_post_feature_position":"","_kad_post_header":false,"_kad_post_footer":false},"product_cat":[58],"product_tag":[],"class_list":{"0":"post-3820","1":"product","2":"type-product","3":"status-publish","4":"has-post-thumbnail","6":"product_cat-receitas-veganas","8":"first","9":"instock","10":"sale","11":"sold-individually","12":"shipping-taxable","13":"product-type-external","14":"entry","15":"content-bg","16":"loop-entry"},"jetpack_sharing_enabled":true,"_links":{"self":[{"href":"https:\/\/crescernet.com.br\/plano30dias\/index.php\/wp-json\/wp\/v2\/product\/3820"}],"collection":[{"href":"https:\/\/crescernet.com.br\/plano30dias\/index.php\/wp-json\/wp\/v2\/product"}],"about":[{"href":"https:\/\/crescernet.com.br\/plano30dias\/index.php\/wp-json\/wp\/v2\/types\/product"}],"replies":[{"embeddable":true,"href":"https:\/\/crescernet.com.br\/plano30dias\/index.php\/wp-json\/wp\/v2\/comments?post=3820"}],"wp:featuredmedia":[{"embeddable":true,"href":"https:\/\/crescernet.com.br\/plano30dias\/index.php\/wp-json\/wp\/v2\/media\/3821"}],"wp:attachment":[{"href":"https:\/\/crescernet.com.br\/plano30dias\/index.php\/wp-json\/wp\/v2\/media?parent=3820"}],"wp:term":[{"taxonomy":"product_cat","embeddable":true,"href":"https:\/\/crescernet.com.br\/plano30dias\/index.php\/wp-json\/wp\/v2\/product_cat?post=3820"},{"taxonomy":"product_tag","embeddable":true,"href":"https:\/\/crescernet.com.br\/plano30dias\/index.php\/wp-json\/wp\/v2\/product_tag?post=3820"}],"curies":[{"name":"wp","href":"https:\/\/api.w.org\/{rel}","templated":true}]}}