{"id":3797,"date":"2025-06-12T15:15:20","date_gmt":"2025-06-12T18:15:20","guid":{"rendered":"https:\/\/crescernet.com.br\/plano30dias\/?post_type=product&#038;p=3797"},"modified":"2026-01-07T15:44:11","modified_gmt":"2026-01-07T18:44:11","slug":"livro-490-receitas-veganas-bonus","status":"publish","type":"product","link":"https:\/\/crescernet.com.br\/plano30dias\/index.php\/product\/livro-490-receitas-veganas-bonus\/","title":{"rendered":"490 Receitas Veganas + B\u00f4nus"},"content":{"rendered":"<p>S\u00e3o mais de 490 receitas veganas organizadas para todas as refei\u00e7\u00f5es do seu dia, com tempo de preparo, rendimento e ingredientes acess\u00edveis. Livre-se da monotonia e tenha mais sabor, sa\u00fade e economia no prato.<\/p>\n<h3>O que voc\u00ea vai encontrar neste ebook:<\/h3>\n<ul>\n<li>\n<p class=\"\" data-start=\"1504\" data-end=\"1780\">\u2714\ufe0f <strong data-start=\"1507\" data-end=\"1522\">312 p\u00e1ginas<\/strong><br data-start=\"1522\" data-end=\"1525\" \/>\u2714\ufe0f <strong data-start=\"1528\" data-end=\"1554\">490 receitas completas<\/strong><br data-start=\"1554\" data-end=\"1557\" \/>\u2714\ufe0f Categorias para <strong data-start=\"1576\" data-end=\"1640\">Caf\u00e9 da Manh\u00e3, Almo\u00e7o, Jantar, Lanches, Sobremesas e Bebidas<\/strong><br data-start=\"1640\" data-end=\"1643\" \/>\u2714\ufe0f <strong data-start=\"1646\" data-end=\"1706\">Rendimento e tempo m\u00e9dio de preparo em todas as receitas<\/strong><br data-start=\"1706\" data-end=\"1709\" \/>\u2714\ufe0f <strong data-start=\"1712\" data-end=\"1780\">Ebook interativo com sum\u00e1rio clic\u00e1vel e bot\u00e3o de volta ao in\u00edcio<\/strong><\/p>\n<p class=\"\" data-start=\"1782\" data-end=\"1866\"><strong data-start=\"1782\" data-end=\"1866\">\u00a0Receba imediatamente no seu e-mail.<\/strong><\/p>\n<\/li>\n<\/ul>\n<h3>E ainda: 3<strong>\u00a0B\u00d4NUS Exclusivos!<\/strong> \ud83c\udf81<\/h3>\n<p>1\ufe0f\u20e3 <strong>Card\u00e1pio para 30 Dias Vegano<\/strong>: Um planejamento alimentar completo para um m\u00eas de refei\u00e7\u00f5es veganas deliciosas e equilibradas.<br \/>\n2\ufe0f\u20e3 <strong>Leites e Queijos Veganos<\/strong>: Aprenda a fazer alternativas deliciosas e nutritivas aos latic\u00ednios tradicionais.<br \/>\n3\ufe0f\u20e3 <strong>Transi\u00e7\u00e3o para o Veganismo<\/strong>: Dicas valiosas para quem deseja fazer uma transi\u00e7\u00e3o suave para o estilo de vida vegano.<\/p>\n<p><strong>\ud83d\udc49 N\u00e3o perca tempo! Garanta agora sua c\u00f3pia e tenha acesso a tudo o que voc\u00ea precisa para adotar uma alimenta\u00e7\u00e3o vegana pr\u00e1tica, saud\u00e1vel e cheia de sabor!<\/strong><\/p>\n","protected":false},"excerpt":{"rendered":"<p>Transforme sua alimenta\u00e7\u00e3o com <strong>190 receitas veganas<\/strong> criadas para atender a todos os gostos e ocasi\u00f5es, sem abrir m\u00e3o do sabor e da sa\u00fade. Seja para o caf\u00e9 da manh\u00e3, almo\u00e7o, jantar ou lanches, voc\u00ea encontrar\u00e1 op\u00e7\u00f5es deliciosas e nutritivas que v\u00e3o conquistar todos ao seu redor.<\/p>\n<h3>O que voc\u00ea vai encontrar neste ebook:<\/h3>\n<ul>\n<li>\n<p class=\"\" data-start=\"1504\" data-end=\"1780\">\u2714\ufe0f <strong data-start=\"1507\" data-end=\"1522\">312 p\u00e1ginas<\/strong><br data-start=\"1522\" data-end=\"1525\" \/>\u2714\ufe0f <strong data-start=\"1528\" data-end=\"1554\">490 receitas completas<\/strong><br data-start=\"1554\" data-end=\"1557\" \/>\u2714\ufe0f Categorias para <strong data-start=\"1576\" data-end=\"1640\">Caf\u00e9 da Manh\u00e3, Almo\u00e7o, Jantar, Lanches, Sobremesas e Bebidas<\/strong><br data-start=\"1640\" data-end=\"1643\" \/>\u2714\ufe0f <strong data-start=\"1646\" data-end=\"1706\">Rendimento e tempo m\u00e9dio de preparo em todas as receitas<\/strong><br data-start=\"1706\" data-end=\"1709\" \/>\u2714\ufe0f <strong data-start=\"1712\" data-end=\"1780\">Ebook interativo com sum\u00e1rio clic\u00e1vel e bot\u00e3o de volta ao in\u00edcio<\/strong><\/p>\n<p class=\"\" data-start=\"1782\" data-end=\"1866\"><strong data-start=\"1782\" data-end=\"1866\">Compat\u00edvel com computador, celular e tablet. Receba imediatamente no seu e-mail.<\/strong><\/p>\n<\/li>\n<\/ul>\n<h3>E ainda: 3<strong>\u00a0B\u00d4NUS Exclusivos!<\/strong> \ud83c\udf81<\/h3>\n<p>1\ufe0f\u20e3 <strong>Card\u00e1pio para 30 Dias Vegano<\/strong>: Um planejamento alimentar completo para um m\u00eas de refei\u00e7\u00f5es veganas deliciosas e equilibradas.<br \/>\n2\ufe0f\u20e3 <strong>Leites e Queijos Veganos<\/strong>: Aprenda a fazer alternativas deliciosas e nutritivas aos latic\u00ednios tradicionais.<br \/>\n3\ufe0f\u20e3 <strong>Transi\u00e7\u00e3o para o Veganismo<\/strong>: Dicas valiosas para quem deseja fazer uma transi\u00e7\u00e3o suave para o estilo de vida vegano.<\/p>\n<p><strong>\ud83d\udc49 N\u00e3o perca tempo! Garanta agora sua c\u00f3pia e tenha acesso a tudo o que voc\u00ea precisa para adotar uma alimenta\u00e7\u00e3o vegana pr\u00e1tica, saud\u00e1vel e cheia de sabor!<\/strong><\/p>\n","protected":false},"featured_media":3799,"comment_status":"open","ping_status":"closed","template":"","meta":{"_kadence_starter_templates_imported_post":false,"_kad_post_transparent":"default","_kad_post_title":"","_kad_post_layout":"default","_kad_post_sidebar_id":"","_kad_post_content_style":"default","_kad_post_vertical_padding":"default","_kad_post_feature":"","_kad_post_feature_position":"","_kad_post_header":false,"_kad_post_footer":false},"product_cat":[58],"product_tag":[],"class_list":{"0":"post-3797","1":"product","2":"type-product","3":"status-publish","4":"has-post-thumbnail","6":"product_cat-receitas-veganas","8":"first","9":"instock","10":"sale","11":"downloadable","12":"virtual","13":"sold-individually","14":"purchasable","15":"product-type-simple","16":"entry","17":"content-bg","18":"loop-entry"},"jetpack_sharing_enabled":true,"_links":{"self":[{"href":"https:\/\/crescernet.com.br\/plano30dias\/index.php\/wp-json\/wp\/v2\/product\/3797"}],"collection":[{"href":"https:\/\/crescernet.com.br\/plano30dias\/index.php\/wp-json\/wp\/v2\/product"}],"about":[{"href":"https:\/\/crescernet.com.br\/plano30dias\/index.php\/wp-json\/wp\/v2\/types\/product"}],"replies":[{"embeddable":true,"href":"https:\/\/crescernet.com.br\/plano30dias\/index.php\/wp-json\/wp\/v2\/comments?post=3797"}],"wp:featuredmedia":[{"embeddable":true,"href":"https:\/\/crescernet.com.br\/plano30dias\/index.php\/wp-json\/wp\/v2\/media\/3799"}],"wp:attachment":[{"href":"https:\/\/crescernet.com.br\/plano30dias\/index.php\/wp-json\/wp\/v2\/media?parent=3797"}],"wp:term":[{"taxonomy":"product_cat","embeddable":true,"href":"https:\/\/crescernet.com.br\/plano30dias\/index.php\/wp-json\/wp\/v2\/product_cat?post=3797"},{"taxonomy":"product_tag","embeddable":true,"href":"https:\/\/crescernet.com.br\/plano30dias\/index.php\/wp-json\/wp\/v2\/product_tag?post=3797"}],"curies":[{"name":"wp","href":"https:\/\/api.w.org\/{rel}","templated":true}]}}