{"id":3772,"date":"2025-05-15T17:31:06","date_gmt":"2025-05-15T20:31:06","guid":{"rendered":"https:\/\/crescernet.com.br\/plano30dias\/?post_type=product&#038;p=3772"},"modified":"2025-05-15T17:41:30","modified_gmt":"2025-05-15T20:41:30","slug":"receitas-veganas-para-caes-e-gatos","status":"publish","type":"product","link":"https:\/\/crescernet.com.br\/plano30dias\/index.php\/product\/receitas-veganas-para-caes-e-gatos\/","title":{"rendered":"Receitas Veganas para C\u00e3es e Gatos"},"content":{"rendered":"<h2 class=\"\" data-start=\"209\" data-end=\"284\">\ud83d\udcd6\u2728 <strong data-start=\"216\" data-end=\"282\">Receitas Veganas para C\u00e3es e Gatos + Card\u00e1pio Semanal Completo<\/strong><\/h2>\n<p class=\"\" data-start=\"311\" data-end=\"378\">\ud83d\udc3e <strong data-start=\"314\" data-end=\"371\">Seu pet saud\u00e1vel, feliz e bem nutrido, todos os dias!<\/strong> \ud83d\udc36\ud83d\udc31\ud83d\udc9a<\/p>\n<hr class=\"\" data-start=\"380\" data-end=\"383\" \/>\n<h3 class=\"\" data-start=\"385\" data-end=\"444\">\ud83d\udccc <strong data-start=\"392\" data-end=\"444\">O que voc\u00ea vai encontrar neste livro imperd\u00edvel:<\/strong><\/h3>\n<p class=\"\" data-start=\"446\" data-end=\"639\">\ud83c\udf7d\ufe0f <strong data-start=\"450\" data-end=\"500\">\u2714\ufe0f Mais de 20 receitas 100% veganas e naturais<\/strong> para c\u00e3es e gatos, preparadas de forma respons\u00e1vel, segura e balanceada. Receitas testadas, f\u00e1ceis de fazer e com ingredientes acess\u00edveis.<\/p>\n<p class=\"\" data-start=\"641\" data-end=\"805\">\ud83d\udcca <strong data-start=\"644\" data-end=\"681\">\u2714\ufe0f Tabelas nutricionais resumidas<\/strong> com as informa\u00e7\u00f5es essenciais de cada prepara\u00e7\u00e3o, para que voc\u00ea saiba exatamente o que est\u00e1 oferecendo ao seu melhor amigo.<\/p>\n<p class=\"\" data-start=\"807\" data-end=\"1074\">\ud83d\udcdd <strong data-start=\"810\" data-end=\"849\">\u2714\ufe0f Card\u00e1pio vegano semanal completo<\/strong> para c\u00e3es, elaborado com variedade de nutrientes e seguindo as recomenda\u00e7\u00f5es de especialistas em nutri\u00e7\u00e3o natural pet. Inclui suplementa\u00e7\u00e3o essencial como Vitamina B12, D3 vegana, Taurina, L-Carnitina, C\u00e1lcio, Zinco e Ferro.<\/p>\n<p class=\"\" data-start=\"1076\" data-end=\"1199\">\ud83d\uded2 <strong data-start=\"1079\" data-end=\"1121\">\u2714\ufe0f Lista de compras semanal organizada<\/strong> por categoria para facilitar suas compras e otimizar o preparo das refei\u00e7\u00f5es.<\/p>\n<p class=\"\" data-start=\"1201\" data-end=\"1335\">\ud83d\udcda <strong data-start=\"1204\" data-end=\"1260\">\u2714\ufe0f Orienta\u00e7\u00f5es importantes sobre seguran\u00e7a alimentar<\/strong>, ingredientes proibidos e cuidados indispens\u00e1veis para a sa\u00fade do seu pet.<\/p>\n","protected":false},"excerpt":{"rendered":"<h2 class=\"\" data-start=\"209\" data-end=\"284\"><strong data-start=\"216\" data-end=\"282\">Receitas Veganas para C\u00e3es e Gatos<\/strong><\/h2>\n<ul data-start=\"75\" data-end=\"609\">\n<li class=\"\" data-start=\"75\" data-end=\"103\">\n<p class=\"\" data-start=\"77\" data-end=\"103\"><strong data-start=\"77\" data-end=\"89\">Formato:<\/strong> Ebook (PDF)<\/p>\n<\/li>\n<li class=\"\" data-start=\"104\" data-end=\"133\">\n<p class=\"\" data-start=\"106\" data-end=\"133\"><strong data-start=\"106\" data-end=\"128\">N\u00famero de p\u00e1ginas:<\/strong> 25<\/p>\n<\/li>\n<li class=\"\" data-start=\"350\" data-end=\"422\">\n<p class=\"\" data-start=\"352\" data-end=\"422\"><strong data-start=\"352\" data-end=\"377\">N\u00edvel de dificuldade:<\/strong> F\u00e1cil, com receitas acess\u00edveis e saborosas<\/p>\n<\/li>\n<li class=\"\" data-start=\"423\" data-end=\"521\">\n<p class=\"\" data-start=\"425\" data-end=\"521\"><strong data-start=\"425\" data-end=\"440\">Benef\u00edcios:<\/strong> Op\u00e7\u00f5es deliciosas para celebrar com fam\u00edlia e amigos de forma \u00e9tica e saud\u00e1vel<\/p>\n<\/li>\n<li class=\"\" data-start=\"522\" data-end=\"570\">\n<p class=\"\" data-start=\"524\" data-end=\"570\"><strong data-start=\"524\" data-end=\"536\">Entrega:<\/strong> Download imediato ap\u00f3s a compra<\/p>\n<p class=\"\" data-start=\"415\" data-end=\"1212\">\u2705 <strong data-start=\"417\" data-end=\"483\">Mais de 20 receitas exclusivas de petiscos e refei\u00e7\u00f5es veganas<\/strong> para c\u00e3es e gatos<br data-start=\"501\" data-end=\"504\" \/>\u2705 <strong data-start=\"506\" data-end=\"535\">Modo de preparo detalhado<\/strong> e f\u00e1cil de seguir<br data-start=\"553\" data-end=\"556\" \/>\u2705 <strong data-start=\"558\" data-end=\"596\">Ingredientes acess\u00edveis e naturais<\/strong><br data-start=\"596\" data-end=\"599\" \/>\u2705 <strong data-start=\"601\" data-end=\"635\">Tabelas nutricionais resumidas<\/strong> de cada receita<br data-start=\"651\" data-end=\"654\" \/>\u2705 <strong data-start=\"656\" data-end=\"709\">Quantidade de por\u00e7\u00f5es e tempo de preparo estimado<\/strong><br data-start=\"709\" data-end=\"712\" \/>\u2705 <strong data-start=\"714\" data-end=\"751\">Card\u00e1pio semanal vegano para c\u00e3es<\/strong>, seguro e equilibrado, com variedade de nutrientes<br data-start=\"802\" data-end=\"805\" \/>\u2705 <strong data-start=\"807\" data-end=\"861\">Lista de compras semanal organizada por categorias<\/strong><br data-start=\"861\" data-end=\"864\" \/>\u2705 <strong data-start=\"866\" data-end=\"928\">Tabela de ingredientes proibidos para c\u00e3es e gatos veganos<\/strong><br data-start=\"928\" data-end=\"931\" \/>\u2705 <strong data-start=\"933\" data-end=\"989\">Orienta\u00e7\u00f5es de seguran\u00e7a alimentar para pets veganos<\/strong><br data-start=\"989\" data-end=\"992\" \/>\u2705 <strong data-start=\"994\" data-end=\"1074\">Recomenda\u00e7\u00f5es de suplementa\u00e7\u00e3o essencial para sa\u00fade e equil\u00edbrio nutricional<\/strong> (B12, D3 vegana, Taurina, L-Carnitina, C\u00e1lcio, Zinco, Ferro)<\/p>\n<\/li>\n<\/ul>\n","protected":false},"featured_media":3774,"comment_status":"open","ping_status":"closed","template":"","meta":{"_kadence_starter_templates_imported_post":false,"_kad_post_transparent":"default","_kad_post_title":"","_kad_post_layout":"default","_kad_post_sidebar_id":"","_kad_post_content_style":"default","_kad_post_vertical_padding":"default","_kad_post_feature":"","_kad_post_feature_position":"","_kad_post_header":false,"_kad_post_footer":false},"product_cat":[58],"product_tag":[],"class_list":{"0":"post-3772","1":"product","2":"type-product","3":"status-publish","4":"has-post-thumbnail","6":"product_cat-receitas-veganas","8":"first","9":"instock","10":"sale","11":"downloadable","12":"virtual","13":"sold-individually","14":"purchasable","15":"product-type-simple","16":"entry","17":"content-bg","18":"loop-entry"},"jetpack_sharing_enabled":true,"_links":{"self":[{"href":"https:\/\/crescernet.com.br\/plano30dias\/index.php\/wp-json\/wp\/v2\/product\/3772"}],"collection":[{"href":"https:\/\/crescernet.com.br\/plano30dias\/index.php\/wp-json\/wp\/v2\/product"}],"about":[{"href":"https:\/\/crescernet.com.br\/plano30dias\/index.php\/wp-json\/wp\/v2\/types\/product"}],"replies":[{"embeddable":true,"href":"https:\/\/crescernet.com.br\/plano30dias\/index.php\/wp-json\/wp\/v2\/comments?post=3772"}],"wp:featuredmedia":[{"embeddable":true,"href":"https:\/\/crescernet.com.br\/plano30dias\/index.php\/wp-json\/wp\/v2\/media\/3774"}],"wp:attachment":[{"href":"https:\/\/crescernet.com.br\/plano30dias\/index.php\/wp-json\/wp\/v2\/media?parent=3772"}],"wp:term":[{"taxonomy":"product_cat","embeddable":true,"href":"https:\/\/crescernet.com.br\/plano30dias\/index.php\/wp-json\/wp\/v2\/product_cat?post=3772"},{"taxonomy":"product_tag","embeddable":true,"href":"https:\/\/crescernet.com.br\/plano30dias\/index.php\/wp-json\/wp\/v2\/product_tag?post=3772"}],"curies":[{"name":"wp","href":"https:\/\/api.w.org\/{rel}","templated":true}]}}