{"id":3687,"date":"2025-02-19T17:09:35","date_gmt":"2025-02-19T20:09:35","guid":{"rendered":"https:\/\/crescernet.com.br\/plano30dias\/?post_type=product&#038;p=3687"},"modified":"2025-09-10T15:12:35","modified_gmt":"2025-09-10T18:12:35","slug":"marmitas-veganas","status":"publish","type":"product","link":"https:\/\/crescernet.com.br\/plano30dias\/index.php\/product\/marmitas-veganas\/","title":{"rendered":"Marmitas veganas + B\u00f4nus"},"content":{"rendered":"<h2 data-start=\"0\" data-end=\"38\"><strong data-start=\"3\" data-end=\"36\">Por que escolher nosso livro?<\/strong><\/h2>\n<p data-start=\"40\" data-end=\"316\">Sabemos que a rotina pode ser corrida, e manter uma alimenta\u00e7\u00e3o saud\u00e1vel nem sempre \u00e9 f\u00e1cil. Com o <strong data-start=\"139\" data-end=\"182\">ebook &#8220;34 Receitas de Marmitas Veganas&#8221;<\/strong>, voc\u00ea ter\u00e1 tudo o que precisa para preparar refei\u00e7\u00f5es equilibradas, saborosas e pr\u00e1ticas, sem desperd\u00edcio de tempo ou ingredientes!<\/p>\n<h3 data-start=\"318\" data-end=\"374\"><strong data-start=\"322\" data-end=\"372\">\ud83d\udca1 Aqui est\u00e1 o que torna nosso livro especial:<\/strong><\/h3>\n<p data-start=\"376\" data-end=\"492\">\u2705 <strong data-start=\"378\" data-end=\"411\">Receitas testadas e aprovadas<\/strong> \u2013 Cada receita foi cuidadosamente desenvolvida para garantir sabor e nutri\u00e7\u00e3o.<\/p>\n<p data-start=\"494\" data-end=\"619\">\u2705 <strong data-start=\"496\" data-end=\"533\">Ingredientes simples e acess\u00edveis<\/strong> \u2013 Nada de ingredientes dif\u00edceis de encontrar! Tudo pensado para facilitar sua vida.<\/p>\n<p data-start=\"621\" data-end=\"722\">\u2705 <strong data-start=\"623\" data-end=\"649\">Praticidade e economia<\/strong> \u2013 Prepare suas marmitas com anteced\u00eancia e economize tempo e dinheiro.<\/p>\n<p data-start=\"724\" data-end=\"826\">\u2705 <strong data-start=\"726\" data-end=\"766\">Dicas de conserva\u00e7\u00e3o e armazenamento<\/strong> \u2013 Suas refei\u00e7\u00f5es sempre frescas e prontas para o consumo.<\/p>\n<p data-start=\"724\" data-end=\"826\">\u2705 <strong data-start=\"830\" data-end=\"854\">Op\u00e7\u00e3o de renda extra<\/strong> \u2013 Aprenda como transformar suas marmitas em um neg\u00f3cio lucrativo!<\/p>\n<p data-start=\"924\" data-end=\"1083\">Com esse ebook, voc\u00ea ter\u00e1 uma alimenta\u00e7\u00e3o mais saud\u00e1vel, organizada e ainda poder\u00e1 ajudar outras pessoas a descobrirem o sabor incr\u00edvel das marmitas veganas!<\/p>\n<p data-start=\"1085\" data-end=\"1148\" data-is-last-node=\"\">\ud83d\udccc <strong data-start=\"1088\" data-end=\"1142\">Aproveite essa oportunidade e garanta o seu agora!<\/strong> \ud83d\udc9a\ud83c\udf7d\ufe0f<\/p>\n<p><span style=\"font-family: Montserrat, var(--global-fallback-font); font-size: 28px; font-weight: bold;\">E ainda: 3<\/span><strong style=\"font-family: Montserrat, var(--global-fallback-font); font-size: 28px;\">\u00a0B\u00d4NUS Exclusivos!<\/strong><span style=\"font-family: Montserrat, var(--global-fallback-font); font-size: 28px; font-weight: bold;\"> \ud83c\udf81<\/span><\/p>\n<p>1\ufe0f\u20e3 <strong>Card\u00e1pio para 30 Dias Vegano<\/strong>: Um planejamento alimentar completo para um m\u00eas de refei\u00e7\u00f5es veganas deliciosas e equilibradas.<br \/>\n2\ufe0f\u20e3 <strong>Leites e Queijos Veganos<\/strong>: Aprenda a fazer alternativas deliciosas e nutritivas aos latic\u00ednios tradicionais.<br \/>\n<strong>3\ufe0f\u20e322 Receitas de p\u00e1scoa vegan<\/strong><\/p>\n<p><strong>\ud83d\udc49 N\u00e3o perca tempo! Garanta agora sua c\u00f3pia e tenha acesso a tudo o que voc\u00ea precisa para adotar uma alimenta\u00e7\u00e3o vegana pr\u00e1tica, saud\u00e1vel e cheia de sabor!<\/strong><\/p>\n","protected":false},"excerpt":{"rendered":"<h3 data-start=\"234\" data-end=\"319\"><strong data-start=\"238\" data-end=\"317\">Aprenda a preparar marmitas deliciosas, equilibradas e f\u00e1ceis de conservar!<\/strong><\/h3>\n<p data-start=\"321\" data-end=\"596\">\ud83d\udccc <strong data-start=\"324\" data-end=\"362\">34 receitas nutritivas e saborosas<\/strong> para variar o card\u00e1pio<br data-start=\"385\" data-end=\"388\" \/>\ud83d\udccc Dicas de <strong data-start=\"400\" data-end=\"431\">armazenamento e conserva\u00e7\u00e3o<\/strong> para manter tudo sempre fresco<br data-start=\"462\" data-end=\"465\" \/>\ud83d\udccc Combina\u00e7\u00f5es inteligentes para refei\u00e7\u00f5es equilibradas<br data-start=\"520\" data-end=\"523\" \/>\ud83d\udccc <strong data-start=\"526\" data-end=\"594\">Perfeito para quem quer cozinhar para si ou at\u00e9 vender e lucrar!<\/strong><\/p>\n<p data-start=\"598\" data-end=\"681\">Por apenas <strong data-start=\"609\" data-end=\"619\">R$9,90<\/strong>, voc\u00ea recebe o ebook completo e <strong data-start=\"652\" data-end=\"675\">+3 B\u00d4NUS exclusivos<\/strong>! \ud83c\udf81<\/p>\n","protected":false},"featured_media":3683,"comment_status":"open","ping_status":"closed","template":"","meta":{"_kadence_starter_templates_imported_post":false,"_kad_post_transparent":"default","_kad_post_title":"","_kad_post_layout":"default","_kad_post_sidebar_id":"","_kad_post_content_style":"default","_kad_post_vertical_padding":"default","_kad_post_feature":"","_kad_post_feature_position":"","_kad_post_header":false,"_kad_post_footer":false},"product_cat":[58],"product_tag":[],"class_list":{"0":"post-3687","1":"product","2":"type-product","3":"status-publish","4":"has-post-thumbnail","6":"product_cat-receitas-veganas","8":"first","9":"instock","10":"sale","11":"downloadable","12":"virtual","13":"sold-individually","14":"purchasable","15":"product-type-simple","16":"entry","17":"content-bg","18":"loop-entry"},"jetpack_sharing_enabled":true,"_links":{"self":[{"href":"https:\/\/crescernet.com.br\/plano30dias\/index.php\/wp-json\/wp\/v2\/product\/3687"}],"collection":[{"href":"https:\/\/crescernet.com.br\/plano30dias\/index.php\/wp-json\/wp\/v2\/product"}],"about":[{"href":"https:\/\/crescernet.com.br\/plano30dias\/index.php\/wp-json\/wp\/v2\/types\/product"}],"replies":[{"embeddable":true,"href":"https:\/\/crescernet.com.br\/plano30dias\/index.php\/wp-json\/wp\/v2\/comments?post=3687"}],"wp:featuredmedia":[{"embeddable":true,"href":"https:\/\/crescernet.com.br\/plano30dias\/index.php\/wp-json\/wp\/v2\/media\/3683"}],"wp:attachment":[{"href":"https:\/\/crescernet.com.br\/plano30dias\/index.php\/wp-json\/wp\/v2\/media?parent=3687"}],"wp:term":[{"taxonomy":"product_cat","embeddable":true,"href":"https:\/\/crescernet.com.br\/plano30dias\/index.php\/wp-json\/wp\/v2\/product_cat?post=3687"},{"taxonomy":"product_tag","embeddable":true,"href":"https:\/\/crescernet.com.br\/plano30dias\/index.php\/wp-json\/wp\/v2\/product_tag?post=3687"}],"curies":[{"name":"wp","href":"https:\/\/api.w.org\/{rel}","templated":true}]}}