{"id":3191,"date":"2024-04-17T16:28:07","date_gmt":"2024-04-17T19:28:07","guid":{"rendered":"https:\/\/crescernet.com.br\/plano30dias\/?post_type=product&#038;p=3191"},"modified":"2024-12-06T18:45:04","modified_gmt":"2024-12-06T21:45:04","slug":"guia-como-montar-a-sua-cozinha-vegana","status":"publish","type":"product","link":"https:\/\/crescernet.com.br\/plano30dias\/index.php\/product\/guia-como-montar-a-sua-cozinha-vegana\/","title":{"rendered":"Guia Como Montar A Sua Cozinha Vegana"},"content":{"rendered":"<p>Este e-Book foi projetado para ensinar tudo o que voc\u00ea precisa<br \/>\nsaber sobre COZINHA VEGAN<\/p>\n<p>No\u00e7\u00f5es b\u00e1sicas sobre como cozinhar comida vegana da maneira certa.<br \/>\n\u2022 Uma vis\u00e3o geral dos ingredientes t\u00edpicos usados na culin\u00e1ria vegana.<br \/>\n\u2022 Uma lista de ingredientes ocultos a serem evitados ao ter uma dieta vegana.<br \/>\n\u2022 Tamb\u00e9m inclu\u00edmos informa\u00e7\u00f5es sobre como armazenar uma despensa vegana completa, para que voc\u00ea possa preparar pratos veganos todos os dias sem problemas.<br \/>\n\u2022 O e-book abranger\u00e1 t\u00e9cnicas b\u00e1sicas de cozimento necess\u00e1rias para criar uma variedade de refei\u00e7\u00f5es.<br \/>\n\u2022 Como preparar uma refei\u00e7\u00e3o vegana completa enquanto obt\u00e9m o equil\u00edbrio certo de vitaminas,<br \/>\nminerais e nutrientes para o seu corpo.<br \/>\n\u2022 O que fazer se voc\u00ea tiver necessidades nutricionais especiais, como pessoas com diabetes ou colesterol alto.<\/p>\n<h3>E mais: 2 B\u00d4NUS Exclusivos! \ud83c\udf81<\/h3>\n<p>1\ufe0f\u20e3 <strong>Card\u00e1pio para 30 Dias Vegano:<\/strong> Planeje suas refei\u00e7\u00f5es com um card\u00e1pio completo para um m\u00eas inteiro de sabores variados e nutritivos.<br \/>\n2\ufe0f\u20e3 <strong>Leites e Queijos Veganos:<\/strong> Aprenda a preparar alternativas deliciosas, saud\u00e1veis e econ\u00f4micas aos latic\u00ednios tradicionais.<\/p>\n","protected":false},"excerpt":{"rendered":"<p><strong>Como Montar Sua Cozinha Vegana&#8221; + 2 B\u00d4NUS Exclusivos: Card\u00e1pio para 30 Dias Vegano e Leites e Queijos Veganos<\/strong> \ud83c\udf31\ud83c\udf73<\/p>\n<p>D\u00ea o primeiro passo para transformar sua alimenta\u00e7\u00e3o e sua cozinha com este guia completo e pr\u00e1tico. Ideal para quem est\u00e1 come\u00e7ando ou deseja organizar sua rotina vegana de forma simples e eficiente.<\/p>\n<h3>O que voc\u00ea encontrar\u00e1 neste ebook:<\/h3>\n<ul>\n<li><strong>Lista de utens\u00edlios indispens\u00e1veis<\/strong> para sua cozinha vegana.<\/li>\n<li><strong>Os ingredientes b\u00e1sicos que n\u00e3o podem faltar<\/strong> para criar refei\u00e7\u00f5es incr\u00edveis.<\/li>\n<li><strong>Dicas pr\u00e1ticas e organiza\u00e7\u00e3o inteligente<\/strong> para facilitar seu dia a dia.<\/li>\n<\/ul>\n<h3>E mais: 2 B\u00d4NUS Exclusivos! \ud83c\udf81<\/h3>\n<p>1\ufe0f\u20e3 <strong>Card\u00e1pio para 30 Dias Vegano:<\/strong> Planeje suas refei\u00e7\u00f5es com um card\u00e1pio completo para um m\u00eas inteiro de sabores variados e nutritivos.<br \/>\n2\ufe0f\u20e3 <strong>Leites e Queijos Veganos:<\/strong> Aprenda a preparar alternativas deliciosas, saud\u00e1veis e econ\u00f4micas aos latic\u00ednios tradicionais.<\/p>\n<p><strong>\ud83d\udc49 Garanta agora e comece sua jornada vegana com tudo o que voc\u00ea precisa para ter sucesso!<\/strong><\/p>\n","protected":false},"featured_media":3184,"comment_status":"open","ping_status":"closed","template":"","meta":{"_kadence_starter_templates_imported_post":false,"_kad_post_transparent":"default","_kad_post_title":"","_kad_post_layout":"default","_kad_post_sidebar_id":"","_kad_post_content_style":"default","_kad_post_vertical_padding":"default","_kad_post_feature":"","_kad_post_feature_position":"","_kad_post_header":false,"_kad_post_footer":false},"product_cat":[58],"product_tag":[],"class_list":{"0":"post-3191","1":"product","2":"type-product","3":"status-publish","4":"has-post-thumbnail","6":"product_cat-receitas-veganas","8":"first","9":"instock","10":"sale","11":"downloadable","12":"virtual","13":"sold-individually","14":"purchasable","15":"product-type-simple","16":"entry","17":"content-bg","18":"loop-entry"},"jetpack_sharing_enabled":true,"_links":{"self":[{"href":"https:\/\/crescernet.com.br\/plano30dias\/index.php\/wp-json\/wp\/v2\/product\/3191"}],"collection":[{"href":"https:\/\/crescernet.com.br\/plano30dias\/index.php\/wp-json\/wp\/v2\/product"}],"about":[{"href":"https:\/\/crescernet.com.br\/plano30dias\/index.php\/wp-json\/wp\/v2\/types\/product"}],"replies":[{"embeddable":true,"href":"https:\/\/crescernet.com.br\/plano30dias\/index.php\/wp-json\/wp\/v2\/comments?post=3191"}],"wp:featuredmedia":[{"embeddable":true,"href":"https:\/\/crescernet.com.br\/plano30dias\/index.php\/wp-json\/wp\/v2\/media\/3184"}],"wp:attachment":[{"href":"https:\/\/crescernet.com.br\/plano30dias\/index.php\/wp-json\/wp\/v2\/media?parent=3191"}],"wp:term":[{"taxonomy":"product_cat","embeddable":true,"href":"https:\/\/crescernet.com.br\/plano30dias\/index.php\/wp-json\/wp\/v2\/product_cat?post=3191"},{"taxonomy":"product_tag","embeddable":true,"href":"https:\/\/crescernet.com.br\/plano30dias\/index.php\/wp-json\/wp\/v2\/product_tag?post=3191"}],"curies":[{"name":"wp","href":"https:\/\/api.w.org\/{rel}","templated":true}]}}