{"id":3122,"date":"2024-04-03T17:01:46","date_gmt":"2024-04-03T20:01:46","guid":{"rendered":"https:\/\/crescernet.com.br\/plano30dias\/?post_type=product&#038;p=3122"},"modified":"2025-03-26T16:40:10","modified_gmt":"2025-03-26T19:40:10","slug":"guia-vegan-fitness-e-bonus","status":"publish","type":"product","link":"https:\/\/crescernet.com.br\/plano30dias\/index.php\/product\/guia-vegan-fitness-e-bonus\/","title":{"rendered":"Guia Vegan Fitness e B\u00f4nus"},"content":{"rendered":"<p>Este livro falar\u00e1 sobre as verdadeiras necessidades<br \/>\nalimentares dos veganos e de onde eles obt\u00eam suas<br \/>\nfontes de nutrientes, vamos tamb\u00e9m comparar os tipos de<br \/>\nnutrientes e prote\u00ednas que outros estilos de vida diet\u00e9ticos<br \/>\nobt\u00eam para mostrar que os veganos n\u00e3o ficam<br \/>\nsimplesmente sem elas, apenas optam por ampliar seus<br \/>\nhorizontes alimentares.<\/p>\n<h3>O que voc\u00ea encontrar\u00e1 neste ebook:<\/h3>\n<ul>\n<li><strong>Dicas de nutri\u00e7\u00e3o para esportes e treinos<\/strong>, com foco em prote\u00edna e energia.<\/li>\n<li><strong>Receitas funcionais e nutritivas<\/strong> para pr\u00e9 e p\u00f3s-treino.<\/li>\n<li><strong>Estrat\u00e9gias pr\u00e1ticas<\/strong> para otimizar sua dieta vegana e melhorar sua performance.<\/li>\n<\/ul>\n<h3>E mais: 2 B\u00d4NUS Exclusivos! \ud83c\udf81<\/h3>\n<p>1\ufe0f\u20e3 <strong>Card\u00e1pio para 30 Dias Vegano:<\/strong> Um planejamento completo para suas refei\u00e7\u00f5es, repleto de sabor e nutri\u00e7\u00e3o.<br \/>\n2\ufe0f\u20e3 <strong>Transi\u00e7\u00e3o para o Veganismo:<\/strong> Dicas e orienta\u00e7\u00f5es essenciais para quem est\u00e1 iniciando sua jornada vegana com confian\u00e7a e consci\u00eancia.<\/p>\n<p><strong>\ud83d\udc49 Garanta j\u00e1 o seu e alcance seus objetivos fitness com sa\u00fade, sabor e \u00e9tica!<\/strong><\/p>\n","protected":false},"excerpt":{"rendered":"<p><strong>Vegan Fitness&#8221; + 2 B\u00d4NUS Exclusivos: Card\u00e1pio para 30 Dias Vegano e Transi\u00e7\u00e3o para o Veganismo<\/strong> \ud83c\udf31\ud83d\udcaa<\/p>\n<p>Descubra como alinhar seus objetivos de sa\u00fade e performance com uma alimenta\u00e7\u00e3o 100% vegana. Este ebook \u00e9 seu guia definitivo para atingir resultados no treino enquanto adota um estilo de vida saud\u00e1vel e sustent\u00e1vel.<\/p>\n<h3>O que voc\u00ea encontrar\u00e1 neste ebook:<\/h3>\n<ul>\n<li><strong>Dicas de nutri\u00e7\u00e3o para esportes e treinos<\/strong>, com foco em prote\u00edna e energia.<\/li>\n<li><strong>Receitas funcionais e nutritivas<\/strong> para pr\u00e9 e p\u00f3s-treino.<\/li>\n<li><strong>Estrat\u00e9gias pr\u00e1ticas<\/strong> para otimizar sua dieta vegana e melhorar sua performance.<\/li>\n<\/ul>\n<h3>E mais: 2 B\u00d4NUS Exclusivos! \ud83c\udf81<\/h3>\n<p>1\ufe0f\u20e3 <strong>Card\u00e1pio para 30 Dias Vegano:<\/strong> Um planejamento completo para suas refei\u00e7\u00f5es, repleto de sabor e nutri\u00e7\u00e3o.<br \/>\n2\ufe0f\u20e3 <strong>Transi\u00e7\u00e3o para o Veganismo:<\/strong> Dicas e orienta\u00e7\u00f5es essenciais para quem est\u00e1 iniciando sua jornada vegana com confian\u00e7a e consci\u00eancia.<\/p>\n<p><strong>\ud83d\udc49 Garanta j\u00e1 o seu e alcance seus objetivos fitness com sa\u00fade, sabor e \u00e9tica!<\/strong><\/p>\n","protected":false},"featured_media":3146,"comment_status":"open","ping_status":"closed","template":"","meta":{"_kadence_starter_templates_imported_post":false,"_kad_post_transparent":"default","_kad_post_title":"","_kad_post_layout":"default","_kad_post_sidebar_id":"","_kad_post_content_style":"default","_kad_post_vertical_padding":"default","_kad_post_feature":"","_kad_post_feature_position":"","_kad_post_header":false,"_kad_post_footer":false},"product_cat":[58],"product_tag":[],"class_list":{"0":"post-3122","1":"product","2":"type-product","3":"status-publish","4":"has-post-thumbnail","6":"product_cat-receitas-veganas","8":"first","9":"instock","10":"sale","11":"downloadable","12":"virtual","13":"sold-individually","14":"purchasable","15":"product-type-simple","16":"entry","17":"content-bg","18":"loop-entry"},"jetpack_sharing_enabled":true,"_links":{"self":[{"href":"https:\/\/crescernet.com.br\/plano30dias\/index.php\/wp-json\/wp\/v2\/product\/3122"}],"collection":[{"href":"https:\/\/crescernet.com.br\/plano30dias\/index.php\/wp-json\/wp\/v2\/product"}],"about":[{"href":"https:\/\/crescernet.com.br\/plano30dias\/index.php\/wp-json\/wp\/v2\/types\/product"}],"replies":[{"embeddable":true,"href":"https:\/\/crescernet.com.br\/plano30dias\/index.php\/wp-json\/wp\/v2\/comments?post=3122"}],"wp:featuredmedia":[{"embeddable":true,"href":"https:\/\/crescernet.com.br\/plano30dias\/index.php\/wp-json\/wp\/v2\/media\/3146"}],"wp:attachment":[{"href":"https:\/\/crescernet.com.br\/plano30dias\/index.php\/wp-json\/wp\/v2\/media?parent=3122"}],"wp:term":[{"taxonomy":"product_cat","embeddable":true,"href":"https:\/\/crescernet.com.br\/plano30dias\/index.php\/wp-json\/wp\/v2\/product_cat?post=3122"},{"taxonomy":"product_tag","embeddable":true,"href":"https:\/\/crescernet.com.br\/plano30dias\/index.php\/wp-json\/wp\/v2\/product_tag?post=3122"}],"curies":[{"name":"wp","href":"https:\/\/api.w.org\/{rel}","templated":true}]}}