{"id":2849,"date":"2024-02-23T18:27:13","date_gmt":"2024-02-23T21:27:13","guid":{"rendered":"https:\/\/crescernet.com.br\/plano30dias\/?post_type=product&#038;p=2849"},"modified":"2025-09-29T11:33:11","modified_gmt":"2025-09-29T14:33:11","slug":"50-receitas-de-carnes-vegetais","status":"publish","type":"product","link":"https:\/\/crescernet.com.br\/plano30dias\/index.php\/product\/50-receitas-de-carnes-vegetais\/","title":{"rendered":"50 Receitas de Carnes Vegetais"},"content":{"rendered":"<p>Descubra como criar pratos veganos que substituem a carne de maneira deliciosa e nutritiva com <strong>50 receitas de carnes vegetais<\/strong>. Perfeito para quem busca alternativas criativas e saborosas para incluir prote\u00ednas vegetais no seu card\u00e1pio.<\/p>\n<h3>O que voc\u00ea encontrar\u00e1 neste ebook:<\/h3>\n<ul>\n<li><strong>50 receitas de carnes vegetais<\/strong>: desde prepara\u00e7\u00f5es simples at\u00e9 pratos sofisticados para todas as ocasi\u00f5es.<\/li>\n<li><strong>Alternativas pr\u00e1ticas e saborosas<\/strong> para substituir a carne tradicional, sem perder o sabor.<\/li>\n<li><strong>Receitas vers\u00e1teis<\/strong> que podem ser adaptadas para diferentes refei\u00e7\u00f5es, como almo\u00e7os, jantares e petiscos.<\/li>\n<\/ul>\n<h3>E mais: <strong>4 B\u00d4NUS Exclusivos!<\/strong> \ud83c\udf81<\/h3>\n<p>1\ufe0f\u20e3 <strong>Receitas para Churrasco Vegano<\/strong>: Prepare o melhor churrasco vegano, com espetinhos, acompanhamentos e molhos incr\u00edveis.<br \/>\n2\ufe0f\u20e3 <strong>32 Receitas para Hamb\u00fargueres<\/strong>: Diversas op\u00e7\u00f5es de hamb\u00fargueres vegetais, perfeitas para lanches r\u00e1pidos e nutritivos.<br \/>\n4\ufe0f\u20e3 <strong>Dicas Extras para Prepara\u00e7\u00f5es e Armazenamento<\/strong>: Tudo o que voc\u00ea precisa saber para otimizar a prepara\u00e7\u00e3o e o armazenamento das suas carnes vegetais.<\/p>\n<p><strong>\ud83d\udc49 N\u00e3o espere mais! Adquira seu ebook agora e tenha acesso a um mundo de receitas criativas e pr\u00e1ticas, perfeitas para qualquer momento do dia!<\/strong><\/p>\n","protected":false},"excerpt":{"rendered":"<p>Descubra como criar pratos veganos que substituem a carne de maneira deliciosa e nutritiva com <strong>50 receitas de carnes vegetais<\/strong>. Perfeito para quem busca alternativas criativas e saborosas para incluir prote\u00ednas vegetais no seu card\u00e1pio.<\/p>\n<h3>O que voc\u00ea encontrar\u00e1 neste ebook:<\/h3>\n<ul>\n<li><strong>50 receitas de carnes vegetais<\/strong>: desde prepara\u00e7\u00f5es simples at\u00e9 pratos sofisticados para todas as ocasi\u00f5es.<\/li>\n<li><strong>Alternativas pr\u00e1ticas e saborosas<\/strong> para substituir a carne tradicional, sem perder o sabor.<\/li>\n<li><strong>Receitas vers\u00e1teis<\/strong> que podem ser adaptadas para diferentes refei\u00e7\u00f5es, como almo\u00e7os, jantares e petiscos.<\/li>\n<\/ul>\n<h3>E mais: <strong>4 B\u00d4NUS Exclusivos!<\/strong> \ud83c\udf81<\/h3>\n<p>1\ufe0f\u20e3 <strong>Receitas para Churrasco Vegano<\/strong>: Prepare o melhor churrasco vegano, com espetinhos, acompanhamentos e molhos incr\u00edveis.<br \/>\n2\ufe0f\u20e3 <strong>32 Receitas para Hamb\u00fargueres<\/strong>: Diversas op\u00e7\u00f5es de hamb\u00fargueres vegetais, perfeitas para lanches r\u00e1pidos e nutritivos.<br \/>\n3\ufe0f\u20e3 <strong>22 Receitas Veganas para Fim de Ano<\/strong>: Pratos especiais para as festas de fim de ano, com op\u00e7\u00f5es sofisticadas e saborosas.<br \/>\n4\ufe0f\u20e3 <strong>Dicas Extras para Prepara\u00e7\u00f5es e Armazenamento<\/strong>: Tudo o que voc\u00ea precisa saber para otimizar a prepara\u00e7\u00e3o e o armazenamento das suas carnes vegetais.<\/p>\n<p><strong>\ud83d\udc49 N\u00e3o espere mais! Adquira seu ebook agora e tenha acesso a um mundo de receitas criativas e pr\u00e1ticas, perfeitas para qualquer momento do dia!<\/strong><\/p>\n","protected":false},"featured_media":2853,"comment_status":"open","ping_status":"closed","template":"","meta":{"_kadence_starter_templates_imported_post":false,"_kad_post_transparent":"default","_kad_post_title":"","_kad_post_layout":"default","_kad_post_sidebar_id":"","_kad_post_content_style":"default","_kad_post_vertical_padding":"default","_kad_post_feature":"","_kad_post_feature_position":"","_kad_post_header":false,"_kad_post_footer":false},"product_cat":[58],"product_tag":[],"class_list":{"0":"post-2849","1":"product","2":"type-product","3":"status-publish","4":"has-post-thumbnail","6":"product_cat-receitas-veganas","8":"first","9":"instock","10":"downloadable","11":"virtual","12":"sold-individually","13":"purchasable","14":"product-type-simple","15":"entry","16":"content-bg","17":"loop-entry"},"jetpack_sharing_enabled":true,"_links":{"self":[{"href":"https:\/\/crescernet.com.br\/plano30dias\/index.php\/wp-json\/wp\/v2\/product\/2849"}],"collection":[{"href":"https:\/\/crescernet.com.br\/plano30dias\/index.php\/wp-json\/wp\/v2\/product"}],"about":[{"href":"https:\/\/crescernet.com.br\/plano30dias\/index.php\/wp-json\/wp\/v2\/types\/product"}],"replies":[{"embeddable":true,"href":"https:\/\/crescernet.com.br\/plano30dias\/index.php\/wp-json\/wp\/v2\/comments?post=2849"}],"wp:featuredmedia":[{"embeddable":true,"href":"https:\/\/crescernet.com.br\/plano30dias\/index.php\/wp-json\/wp\/v2\/media\/2853"}],"wp:attachment":[{"href":"https:\/\/crescernet.com.br\/plano30dias\/index.php\/wp-json\/wp\/v2\/media?parent=2849"}],"wp:term":[{"taxonomy":"product_cat","embeddable":true,"href":"https:\/\/crescernet.com.br\/plano30dias\/index.php\/wp-json\/wp\/v2\/product_cat?post=2849"},{"taxonomy":"product_tag","embeddable":true,"href":"https:\/\/crescernet.com.br\/plano30dias\/index.php\/wp-json\/wp\/v2\/product_tag?post=2849"}],"curies":[{"name":"wp","href":"https:\/\/api.w.org\/{rel}","templated":true}]}}