{"id":3,"date":"2020-04-10T16:32:04","date_gmt":"2020-04-10T19:32:04","guid":{"rendered":"http:\/\/crescernet.com.br\/plano30dias\/?page_id=3"},"modified":"2020-04-11T12:04:47","modified_gmt":"2020-04-11T15:04:47","slug":"politica-de-privacidade","status":"publish","type":"page","link":"https:\/\/crescernet.com.br\/plano30dias\/index.php\/politica-de-privacidade\/","title":{"rendered":"Pol\u00edtica de privacidade"},"content":{"rendered":"\t\t<div data-elementor-type=\"wp-page\" data-elementor-id=\"3\" class=\"elementor elementor-3\">\n\t\t\t\t\t\t<section class=\"elementor-section elementor-top-section elementor-element elementor-element-7d620413 elementor-section-boxed elementor-section-height-default elementor-section-height-default\" data-id=\"7d620413\" data-element_type=\"section\" data-settings=\"{&quot;background_background&quot;:&quot;classic&quot;}\">\n\t\t\t\t\t\t<div class=\"elementor-container elementor-column-gap-default\">\n\t\t\t\t\t<div class=\"elementor-column elementor-col-100 elementor-top-column elementor-element elementor-element-6f65b96d\" data-id=\"6f65b96d\" data-element_type=\"column\" data-settings=\"{&quot;background_background&quot;:&quot;classic&quot;}\">\n\t\t\t<div class=\"elementor-widget-wrap\">\n\t\t\t\t\t\t\t<\/div>\n\t\t<\/div>\n\t\t\t\t\t<\/div>\n\t\t<\/section>\n\t\t\t\t<section class=\"elementor-section elementor-top-section elementor-element elementor-element-5e3a6aca elementor-section-boxed elementor-section-height-default elementor-section-height-default\" data-id=\"5e3a6aca\" data-element_type=\"section\" data-settings=\"{&quot;background_background&quot;:&quot;classic&quot;}\">\n\t\t\t\t\t\t<div class=\"elementor-container elementor-column-gap-default\">\n\t\t\t\t\t<div class=\"elementor-column elementor-col-100 elementor-top-column elementor-element elementor-element-639c12e\" data-id=\"639c12e\" data-element_type=\"column\">\n\t\t\t<div class=\"elementor-widget-wrap elementor-element-populated\">\n\t\t\t\t\t\t<div class=\"elementor-element elementor-element-1390634 elementor-widget elementor-widget-text-editor\" data-id=\"1390634\" data-element_type=\"widget\" data-widget_type=\"text-editor.default\">\n\t\t\t\t<div class=\"elementor-widget-container\">\n\t\t\t\t\t\t\t\t\t<div id=\"le_body_row_1\" class=\"row one-column cf ui-sortable section back1\" data-style=\"eyJjc3NDbGFzcyI6ImJhY2sxIiwicGFkZGluZ1RvcCI6IjQwIiwicGFkZGluZ0JvdHRvbSI6IjIwIiwiYm9yZGVyVG9wV2lkdGgiOiIiLCJib3JkZXJUb3BDb2xvciI6IiIsImJvcmRlckJvdHRvbVdpZHRoIjoiIiwiYm9yZGVyQm90dG9tQ29sb3IiOiIiLCJhZGRvbiI6eyJ2aWRlb19iYWNrZ3JvdW5kX3R5cGUiOiIiLCJ2aWRlb19iYWNrZ3JvdW5kX3lvdXR1YmUiOiIiLCJ2aWRlb19iYWNrZ3JvdW5kX3lvdXR1YmVfd2lkdGgiOiIiLCJ2aWRlb19iYWNrZ3JvdW5kX3lvdXR1YmVfaGVpZ2h0IjoiIiwidmlkZW9fYmFja2dyb3VuZF91cmxfbXA0IjoiIiwidmlkZW9fYmFja2dyb3VuZF91cmxfd2VibSI6IiIsInZpZGVvX2JhY2tncm91bmRfdXJsX29ndiI6IiIsInZpZGVvX2JhY2tncm91bmRfb3ZlcmxheV9jb2xvciI6IiIsInZpZGVvX2JhY2tncm91bmRfb3ZlcmxheV9vcGFjaXR5IjoiMCIsInZpZGVvX2JhY2tncm91bmRfb3ZlcmxheV9pbWFnZSI6IiJ9fQ==\">\n<div class=\"fixed-width\">\n<div id=\"le_body_row_1_col_1\" class=\"one-column column cols\">\n<div id=\"le_body_row_1_col_1_el_2\" class=\"element-container cf headline1\" data-style=\"eyJhZHZhbmNlZENsYXNzIjoiaGVhZGxpbmUxIn0=\">\n<div class=\"element\">\n<h2>POL\u00cdTICA DE PRIVACIDADE<\/h2>\n<\/div>\n<\/div>\n<div id=\"le_body_row_1_col_1_el_3\" class=\"element-container cf\" data-style=\"\">\n<div class=\"element\">\n<div>&nbsp;<\/div>\n<\/div>\n<\/div>\n<div id=\"le_body_row_1_col_1_el_4\" class=\"element-container cf\" data-style=\"\">\n<div class=\"element\">\n<div class=\"op-text-block\">\n<p>Esta Pol\u00edtica de Privacidade foi elaborada visando zelar pela confidencialidade, privacidade e prote\u00e7\u00e3o dos dados pessoais dos visitantes deste site e dos usu\u00e1rios de nossos servi\u00e7os, protegendo essas informa\u00e7\u00f5es de perdas, uso impr\u00f3prio, acesso n\u00e3o autorizado, altera\u00e7\u00e3o e destrui\u00e7\u00e3o<\/p>\n<p><strong>1. Coleta e Uso das Informa\u00e7\u00f5es<\/strong>&nbsp;O acesso a este Site poder\u00e1 ser condicionado ao cadastramento do visitante, quando ent\u00e3o ser\u00e3o solicitadas informa\u00e7\u00f5es capazes de indentific\u00e1-lo e possibilitar o contato com nossos usu\u00e1rios. Ao decidir fornecer seus dados, o usu\u00e1rio declara conhecer e aceitar os termos da presente Pol\u00edtica.O Site tamb\u00e9m recebe e armazena automaticamente, por meio de cookies, informa\u00e7\u00f5es sobre as atividades do navegador, incluindo endere\u00e7o IP e a p\u00e1gina acessada. Estes registros de atividades (logs) ser\u00e3o utilizados apenas para fins estat\u00edsticos e de m\u00e9tricas dos servi\u00e7os disponibilizados. O usu\u00e1rio tem ci\u00eancia e concorda que as informa\u00e7\u00f5es coletadas ser\u00e3o utilizadas para os seguintes prop\u00f3sitos: (a) informar a respeito de novos conte\u00fados, not\u00edcias e eventos; (b) atualiza\u00e7\u00e3o das informa\u00e7\u00f5es de contato; (c) otimizar a usabilidade e a experi\u00eancia interativa durante a navega\u00e7\u00e3o do usu\u00e1rio no Site; (d) elaborar estat\u00edsticas gerais, sem que haja identifica\u00e7\u00e3o dos usu\u00e1rios; (e) responder \u00e0s d\u00favidas e solicita\u00e7\u00f5es do pr\u00f3prio usu\u00e1rios; e (f) obedecer determina\u00e7\u00f5es legais ou judiciais.Tamb\u00e9m nos reservamos o direito de utilizar tais registros, de forma individualizada, em casos de investiga\u00e7\u00e3o de il\u00edcitos civis ou criminais, especialmente quando houver supeita de fraude, ataques de hackers, altera\u00e7\u00f5es no sistema ou acesso indevido \u00e0 informa\u00e7\u00f5es protegidas e dados cadastrais de outros usu\u00e1rios.<\/p>\n<p><strong>2. Guarda e Responsabilidade pelas Informa\u00e7\u00f5es Coletadas<\/strong>&nbsp;Qualquer informa\u00e7\u00e3o fornecida pelos usu\u00e1rios ser\u00e1 obtida e armazenada de acordo com os mais r\u00edgidos padr\u00f5es de seguran\u00e7a e confiabilidade. Envidaremos nossos melhores esfor\u00e7os na manuten\u00e7\u00e3o da integridade das informa\u00e7\u00f5es que nos forem fornecidas, raz\u00e3o pela qual n\u00e3o somos respons\u00e1veis pelos danos decorrentes do seu acesso e\/ou utiliza\u00e7\u00e3o por terceiros estranhos.O acesso \u00e0s informa\u00e7\u00f5es coletadas \u00e9 restrito aos colaboradores e pessoas autorizadas. Aqueles que se utilizarem indevidamente essas informa\u00e7\u00f5es, em viola\u00e7\u00e3o desta Pol\u00edtica de Privacidade, estar\u00e3o sujeitos \u00e0 san\u00e7\u00f5es administrativas e disciplinares, sem exclus\u00e3o das medidas legais cab\u00edveis. A n\u00e3o ser por determina\u00e7\u00e3o legal ou judicial, as informa\u00e7\u00f5es dos usu\u00e1rios cadastrados neste Site jamais ser\u00e3o transferidas a terceiros ou usadas para finalidades diferentes daquelas para as quais foram coletadas.Todos os dados pessoais coletados ser\u00e3o incorporados ao banco de dados deste Site.<\/p>\n<p><strong>3. Informa\u00e7\u00f5es, Opini\u00f5es e Conte\u00fados gerados por Terceiros<\/strong>&nbsp;Este Site possibilita a participa\u00e7\u00e3o de visitantes\/usu\u00e1rios atrav\u00e9s de coment\u00e1rios, troca de informa\u00e7\u00f5es, publica\u00e7\u00e3o de conte\u00fados gerados por terceiros e divulga\u00e7\u00e3o de an\u00fancios publicit\u00e1rios. Os visitantes, usu\u00e1rios e anunciantes ficam desde j\u00e1 cientes de que n\u00e3o devem publicar informa\u00e7\u00f5es, opini\u00f5es ou conte\u00fados imorais, ilegais, racistas, difamat\u00f3rios, injuriosos, pornogr\u00e1ficos, criminosos, ou qualquer conte\u00fado que viole os direitos do autor. Ficam cientes ainda que as informa\u00e7\u00f5es, conte\u00fados ou opini\u00f5es fornecidos ou publicados livremente neste Site, \u00e0 exce\u00e7\u00e3o das informa\u00e7\u00f5es pessoais solicitadas para fins de cadastro, N\u00c3O SER\u00c3O SIGILOSAS NEM EST\u00c3O PROTEGIDAS POR ESTA POL\u00cdTICA DE PRIVACIDADE, podendo ser livremente acessadas e visualizadas por outros visitantes e usu\u00e1rios. Ficam tamb\u00e9m vedados an\u00fancios publicit\u00e1rios ou qualquer divulga\u00e7\u00e3o sobre produtos, servi\u00e7os ou eventos que desrespeitem a lei, a moral e os bons costumes. Os respons\u00e1veis por este Site n\u00e3o se responsabilizam pelas informa\u00e7\u00f5es, opini\u00f5es e conte\u00fados gerados por terceiros, e t\u00e3o pouco pela qualidade ou veracidade dos produtos, servi\u00e7os ou eventos divulgados atrav\u00e9s do Site. &nbsp;Qualquer manifesta\u00e7\u00e3o, reprodu\u00e7\u00e3o ou publica\u00e7\u00e3o imoral ou ilegal dever\u00e1 ser notificada aos organizadores deste site e ser\u00e1 imediatamente removida. A notifica\u00e7\u00e3o dever\u00e1 ser encaminhada para o endere\u00e7o dos respons\u00e1veis pelo site (t\u00f3pico anterior) ou para o seguinte endere\u00e7o eletr\u00f4nico: receitas.e.ebook@gmail.com<\/p>\n<p><strong>4. Responsabilidade dos Usu\u00e1rios<\/strong>&nbsp;\u00c9 de responsabilidade do usu\u00e1rio a guarda de sua senha e de seu login de acesso. N\u00e3o \u00e9 recomendada a utiliza\u00e7\u00e3o de senhas \u00f3bvias, como datas especiais, nomes ou seq\u00fc\u00eancias num\u00e9ricas. Caso o usu\u00e1rio tome conhecimento ou apenas suspeite que sua senha foi descoberta, ele dever\u00e1 alter\u00e1-la em sua p\u00e1gina de cadastro.Temos o compromisso de proteger a privacidade on-line de crian\u00e7as. Eventuais cadastros de menores ocorrer\u00e3o apenas para fins de participa\u00e7\u00e3o em \u00e1reas restritas do site com conte\u00fados educacionais. Os dados dos menores s\u00f3 ser\u00e3o utilizados para resposta a consultas, d\u00favidas acad\u00eamicas, agendamento de palestras em escolas ou por motivo de estat\u00edsticas gerais. Recomendamos ainda que o menor esteja sempre sob a orienta\u00e7\u00e3o e supervis\u00e3o de seus respons\u00e1veis, que poder\u00e3o, a qualquer tempo, solicitar o cancelamento do cadastro. Esta Pol\u00edtica est\u00e1 sujeita a constantes melhorias e aprimoramentos. Desse modo, recomendamos sua peri\u00f3dica consulta.<\/p>\n<\/div>\n<\/div>\n<\/div>\n<\/div>\n<\/div>\n<\/div>\n<div id=\"le_body_row_2\" class=\"row one-column cf ui-sortable section\" data-style=\"eyJib3JkZXJUb3BXaWR0aCI6IiIsImJvcmRlclRvcENvbG9yIjoiIiwiYm9yZGVyQm90dG9tV2lkdGgiOiIiLCJib3JkZXJCb3R0b21Db2xvciI6IiIsImFkZG9uIjp7InZpZGVvX2JhY2tncm91bmRfdHlwZSI6IiIsInZpZGVvX2JhY2tncm91bmRfeW91dHViZSI6IiIsInZpZGVvX2JhY2tncm91bmRfeW91dHViZV93aWR0aCI6IiIsInZpZGVvX2JhY2tncm91bmRfeW91dHViZV9oZWlnaHQiOiIiLCJ2aWRlb19iYWNrZ3JvdW5kX3VybF9tcDQiOiIiLCJ2aWRlb19iYWNrZ3JvdW5kX3VybF93ZWJtIjoiIiwidmlkZW9fYmFja2dyb3VuZF91cmxfb2d2IjoiIiwidmlkZW9fYmFja2dyb3VuZF9vdmVybGF5X2NvbG9yIjoiIiwidmlkZW9fYmFja2dyb3VuZF9vdmVybGF5X29wYWNpdHkiOiIwIiwidmlkZW9fYmFja2dyb3VuZF9vdmVybGF5X2ltYWdlIjoiIn19\">\n<div class=\"fixed-width\">\n<div id=\"le_body_row_2_col_1\" class=\"one-column column cols\">&nbsp;<\/div>\n<\/div>\n<\/div>\n<div id=\"le_body_row_3\" class=\"row one-column cf ui-sortable section\" data-style=\"eyJwYWRkaW5nVG9wIjoiMjUiLCJib3JkZXJUb3BXaWR0aCI6IiIsImJvcmRlclRvcENvbG9yIjoiIiwiYm9yZGVyQm90dG9tV2lkdGgiOiIiLCJib3JkZXJCb3R0b21Db2xvciI6IiIsImFkZG9uIjp7InZpZGVvX2JhY2tncm91bmRfdHlwZSI6IiIsInZpZGVvX2JhY2tncm91bmRfeW91dHViZSI6IiIsInZpZGVvX2JhY2tncm91bmRfeW91dHViZV93aWR0aCI6IiIsInZpZGVvX2JhY2tncm91bmRfeW91dHViZV9oZWlnaHQiOiIiLCJ2aWRlb19iYWNrZ3JvdW5kX3VybF9tcDQiOiIiLCJ2aWRlb19iYWNrZ3JvdW5kX3VybF93ZWJtIjoiIiwidmlkZW9fYmFja2dyb3VuZF91cmxfb2d2IjoiIiwidmlkZW9fYmFja2dyb3VuZF9vdmVybGF5X2NvbG9yIjoiIiwidmlkZW9fYmFja2dyb3VuZF9vdmVybGF5X29wYWNpdHkiOiIwIiwidmlkZW9fYmFja2dyb3VuZF9vdmVybGF5X2ltYWdlIjoiIn19\">\n<div class=\"fixed-width\">\n<div id=\"le_body_row_3_col_1\" class=\"one-column column cols\">\n<div id=\"le_body_row_3_col_1_el_1\" class=\"element-container cf\" data-style=\"\">\n<div class=\"element\">\n<div class=\"op-text-block\">&nbsp;<\/div>\n<\/div>\n<\/div>\n<\/div>\n<\/div>\n<\/div>\t\t\t\t\t\t\t\t<\/div>\n\t\t\t\t<\/div>\n\t\t\t\t\t<\/div>\n\t\t<\/div>\n\t\t\t\t\t<\/div>\n\t\t<\/section>\n\t\t\t\t<section class=\"elementor-section elementor-top-section elementor-element elementor-element-5e9f63fb elementor-section-boxed elementor-section-height-default elementor-section-height-default\" data-id=\"5e9f63fb\" data-element_type=\"section\" data-settings=\"{&quot;background_background&quot;:&quot;classic&quot;}\">\n\t\t\t\t\t\t<div class=\"elementor-container elementor-column-gap-default\">\n\t\t\t\t\t<div class=\"elementor-column elementor-col-100 elementor-top-column elementor-element elementor-element-4d700369\" data-id=\"4d700369\" data-element_type=\"column\">\n\t\t\t<div class=\"elementor-widget-wrap elementor-element-populated\">\n\t\t\t\t\t\t<div class=\"elementor-element elementor-element-4472aabd elementor-widget elementor-widget-text-editor\" data-id=\"4472aabd\" data-element_type=\"widget\" data-widget_type=\"text-editor.default\">\n\t\t\t\t<div class=\"elementor-widget-container\">\n\t\t\t\t\t\t\t\t\t<p><strong>PRODUTO EXCLUSIVO DESENVOLVIDO POR RECEITAS PARA EMAGRECER<\/strong><br \/><strong>Termos de Servi\u00e7o<\/strong>\u00a0|\u00a0<strong>Pol\u00edtica de Privacidade<\/strong><\/p><p><strong>Aten\u00e7\u00e3o:<\/strong> Os depoimentos acima s\u00e3o experi\u00eancias pessoais de cada usu\u00e1rio e n\u00e3o \u00e9 garantido que voc\u00ea poder\u00e1 obter os mesmos resultados. Como qualquer outro programa de emagrecimento, voc\u00ea assume certos riscos para a sua sa\u00fade e seguran\u00e7a utilizando estes livros digitais. \u00c9 importante que voc\u00ea saiba que estes livros digitais n\u00e3o substitui um acompanhamento profissional e especializado de um m\u00e9dico ou nutricionista, at\u00e9 mesmo recomendamos no e-book que voc\u00ea sempre procure um m\u00e9dico ou nutricionista antes de iniciar qualquer dieta, pr\u00e1tica de exerc\u00edcios ou mudan\u00e7a alimentar, evitando assim problemas futuros.<\/p>\t\t\t\t\t\t\t\t<\/div>\n\t\t\t\t<\/div>\n\t\t\t\t\t<\/div>\n\t\t<\/div>\n\t\t\t\t\t<\/div>\n\t\t<\/section>\n\t\t\t\t<\/div>\n\t\t","protected":false},"excerpt":{"rendered":"<p>POL\u00cdTICA DE PRIVACIDADE &nbsp; Esta Pol\u00edtica de Privacidade foi elaborada visando zelar pela confidencialidade, privacidade e prote\u00e7\u00e3o dos dados pessoais dos visitantes deste site e dos usu\u00e1rios de nossos servi\u00e7os, protegendo essas informa\u00e7\u00f5es de perdas, uso impr\u00f3prio, acesso n\u00e3o autorizado, altera\u00e7\u00e3o e destrui\u00e7\u00e3o 1. Coleta e Uso das Informa\u00e7\u00f5es&nbsp;O acesso a este Site poder\u00e1 ser&#8230;<\/p>\n","protected":false},"author":1,"featured_media":0,"parent":0,"menu_order":0,"comment_status":"closed","ping_status":"open","template":"elementor_canvas","meta":{"_kadence_starter_templates_imported_post":false,"_kad_post_transparent":"","_kad_post_title":"","_kad_post_layout":"","_kad_post_sidebar_id":"","_kad_post_content_style":"","_kad_post_vertical_padding":"","_kad_post_feature":"","_kad_post_feature_position":"","_kad_post_header":false,"_kad_post_footer":false,"footnotes":""},"class_list":["post-3","page","type-page","status-publish","hentry"],"jetpack_sharing_enabled":true,"_links":{"self":[{"href":"https:\/\/crescernet.com.br\/plano30dias\/index.php\/wp-json\/wp\/v2\/pages\/3"}],"collection":[{"href":"https:\/\/crescernet.com.br\/plano30dias\/index.php\/wp-json\/wp\/v2\/pages"}],"about":[{"href":"https:\/\/crescernet.com.br\/plano30dias\/index.php\/wp-json\/wp\/v2\/types\/page"}],"author":[{"embeddable":true,"href":"https:\/\/crescernet.com.br\/plano30dias\/index.php\/wp-json\/wp\/v2\/users\/1"}],"replies":[{"embeddable":true,"href":"https:\/\/crescernet.com.br\/plano30dias\/index.php\/wp-json\/wp\/v2\/comments?post=3"}],"version-history":[{"count":2,"href":"https:\/\/crescernet.com.br\/plano30dias\/index.php\/wp-json\/wp\/v2\/pages\/3\/revisions"}],"predecessor-version":[{"id":128,"href":"https:\/\/crescernet.com.br\/plano30dias\/index.php\/wp-json\/wp\/v2\/pages\/3\/revisions\/128"}],"wp:attachment":[{"href":"https:\/\/crescernet.com.br\/plano30dias\/index.php\/wp-json\/wp\/v2\/media?parent=3"}],"curies":[{"name":"wp","href":"https:\/\/api.w.org\/{rel}","templated":true}]}}