{"id":1683,"date":"2022-05-02T13:05:21","date_gmt":"2022-05-02T16:05:21","guid":{"rendered":"https:\/\/crescernet.com.br\/plano30dias\/?page_id=1683"},"modified":"2022-05-02T13:05:35","modified_gmt":"2022-05-02T16:05:35","slug":"boletos-plano-30-dias","status":"publish","type":"page","link":"https:\/\/crescernet.com.br\/plano30dias\/index.php\/boletos-plano-30-dias\/","title":{"rendered":"boletos plano 30 dias"},"content":{"rendered":"\t\t<div data-elementor-type=\"wp-page\" data-elementor-id=\"1683\" class=\"elementor elementor-1683\">\n\t\t\t\t\t\t<section class=\"elementor-section elementor-top-section elementor-element elementor-element-281fc39b elementor-section-boxed elementor-section-height-default elementor-section-height-default\" data-id=\"281fc39b\" data-element_type=\"section\" data-settings=\"{&quot;background_background&quot;:&quot;classic&quot;}\">\n\t\t\t\t\t\t<div class=\"elementor-container elementor-column-gap-default\">\n\t\t\t\t\t<div class=\"elementor-column elementor-col-100 elementor-top-column elementor-element elementor-element-37535e02\" data-id=\"37535e02\" data-element_type=\"column\" data-settings=\"{&quot;background_background&quot;:&quot;classic&quot;}\">\n\t\t\t<div class=\"elementor-widget-wrap\">\n\t\t\t\t\t\t\t<\/div>\n\t\t<\/div>\n\t\t\t\t\t<\/div>\n\t\t<\/section>\n\t\t\t\t<section class=\"elementor-section elementor-top-section elementor-element elementor-element-157a356a elementor-section-boxed elementor-section-height-default elementor-section-height-default\" data-id=\"157a356a\" data-element_type=\"section\" data-settings=\"{&quot;background_background&quot;:&quot;classic&quot;}\">\n\t\t\t\t\t\t<div class=\"elementor-container elementor-column-gap-default\">\n\t\t\t\t\t<div class=\"elementor-column elementor-col-100 elementor-top-column elementor-element elementor-element-516e9418\" data-id=\"516e9418\" data-element_type=\"column\">\n\t\t\t<div class=\"elementor-widget-wrap elementor-element-populated\">\n\t\t\t\t\t\t<div class=\"elementor-element elementor-element-672d21c elementor-widget elementor-widget-image\" data-id=\"672d21c\" data-element_type=\"widget\" data-widget_type=\"image.default\">\n\t\t\t\t<div class=\"elementor-widget-container\">\n\t\t\t\t\t\t\t\t\t\t\t\t\t\t\t<img fetchpriority=\"high\" decoding=\"async\" width=\"226\" height=\"300\" src=\"https:\/\/crescernet.com.br\/plano30dias\/wp-content\/uploads\/2021\/02\/oie_transparent-23-226x300.png\" class=\"attachment-medium size-medium wp-image-726\" alt=\"\" srcset=\"https:\/\/crescernet.com.br\/plano30dias\/wp-content\/uploads\/2021\/02\/oie_transparent-23-226x300.png 226w, https:\/\/crescernet.com.br\/plano30dias\/wp-content\/uploads\/2021\/02\/oie_transparent-23.png 362w\" sizes=\"(max-width: 226px) 100vw, 226px\" \/>\t\t\t\t\t\t\t\t\t\t\t\t\t\t\t<\/div>\n\t\t\t\t<\/div>\n\t\t\t\t<div class=\"elementor-element elementor-element-f578e0d elementor-invisible elementor-widget elementor-widget-text-editor\" data-id=\"f578e0d\" data-element_type=\"widget\" data-settings=\"{&quot;_animation&quot;:&quot;flash&quot;}\" data-widget_type=\"text-editor.default\">\n\t\t\t\t<div class=\"elementor-widget-container\">\n\t\t\t\t\t\t\t\t\t<h3>PARAB\u00c9NS !<br \/>O seu Boleto Foi gerado com sucesso!<\/h3><h3>VOC\u00ca ACABA DE ADQUIRIR O PASSO A PASSO PARA PERDER PESO DE FORMA SAUD\u00c1VEL E DEFINITIVA!<\/h3>\t\t\t\t\t\t\t\t<\/div>\n\t\t\t\t<\/div>\n\t\t\t\t<div class=\"elementor-element elementor-element-cb350b9 elementor-widget elementor-widget-text-editor\" data-id=\"cb350b9\" data-element_type=\"widget\" data-widget_type=\"text-editor.default\">\n\t\t\t\t<div class=\"elementor-widget-container\">\n\t\t\t\t\t\t\t\t\t<p>Fa\u00e7a o pagamento o mais r\u00e1pido para voc\u00ea iniciar a mudan\u00e7a na sua vida!!!<\/p><p>O acesso para o material ser\u00e1 enviado para o Email que voc\u00ea cadastrou! Pagamentos via Boletos, o material ser\u00e1 enviado em At\u00e9 3 Horas.<\/p><h5><span style=\"color: #ffff00;\"><strong>Recomenda\u00e7\u00f5es:<\/strong><\/span><br \/>\u25aaSe pesa<br \/>\u25aaTira sua foto do ANTES<br \/>\u25aaCh\u00e1 1L por dia de lei! (P\u00e1g 39)<br \/>\u25aaSuco Detox escolhe um<br \/>\u25aaVaria os card\u00e1pios<br \/>\u25aaBebiba bomba tomar 2hrs depois da janta ainda quente, goles grandes.<br \/>Vai derreter tudooo, aguardo seus resultados!<\/h5>\t\t\t\t\t\t\t\t<\/div>\n\t\t\t\t<\/div>\n\t\t\t\t<div class=\"elementor-element elementor-element-ed37c5d elementor-widget elementor-widget-html\" data-id=\"ed37c5d\" data-element_type=\"widget\" data-widget_type=\"html.default\">\n\t\t\t\t<div class=\"elementor-widget-container\">\n\t\t\t\t\t<!-- Facebook Pixel Code -->\r\n<script>\r\n  !function(f,b,e,v,n,t,s)\r\n  {if(f.fbq)return;n=f.fbq=function(){n.callMethod?\r\n  n.callMethod.apply(n,arguments):n.queue.push(arguments)};\r\n  if(!f._fbq)f._fbq=n;n.push=n;n.loaded=!0;n.version='2.0';\r\n  n.queue=[];t=b.createElement(e);t.async=!0;\r\n  t.src=v;s=b.getElementsByTagName(e)[0];\r\n  s.parentNode.insertBefore(t,s)}(window, document,'script',\r\n  'https:\/\/connect.facebook.net\/en_US\/fbevents.js');\r\n  fbq('init', '4374912775946703');\r\n  fbq('track', 'PageView');\r\n<\/script>\r\n<noscript><img decoding=\"async\" height=\"1\" width=\"1\" style=\"display:none\"\r\n  src=\"https:\/\/www.facebook.com\/tr?id=4374912775946703&ev=PageView&noscript=1\"\r\n\/><\/noscript>\r\n<!-- End Facebook Pixel Code -->\t\t\t\t<\/div>\n\t\t\t\t<\/div>\n\t\t\t\t<section class=\"elementor-section elementor-inner-section elementor-element elementor-element-b61bd64 elementor-section-boxed elementor-section-height-default elementor-section-height-default\" data-id=\"b61bd64\" data-element_type=\"section\">\n\t\t\t\t\t\t<div class=\"elementor-container elementor-column-gap-default\">\n\t\t\t\t\t<div class=\"elementor-column elementor-col-50 elementor-inner-column elementor-element elementor-element-455f36b\" data-id=\"455f36b\" data-element_type=\"column\">\n\t\t\t<div class=\"elementor-widget-wrap\">\n\t\t\t\t\t\t\t<\/div>\n\t\t<\/div>\n\t\t\t\t<div class=\"elementor-column elementor-col-50 elementor-inner-column elementor-element elementor-element-12762e6\" data-id=\"12762e6\" data-element_type=\"column\">\n\t\t\t<div class=\"elementor-widget-wrap elementor-element-populated\">\n\t\t\t\t\t\t<div class=\"elementor-element elementor-element-790fef5 elementor-widget elementor-widget-text-editor\" data-id=\"790fef5\" data-element_type=\"widget\" data-widget_type=\"text-editor.default\">\n\t\t\t\t<div class=\"elementor-widget-container\">\n\t\t\t\t\t\t\t\t\t<p>R$24,90<\/p>\t\t\t\t\t\t\t\t<\/div>\n\t\t\t\t<\/div>\n\t\t\t\t\t<\/div>\n\t\t<\/div>\n\t\t\t\t\t<\/div>\n\t\t<\/section>\n\t\t\t\t\t<\/div>\n\t\t<\/div>\n\t\t\t\t\t<\/div>\n\t\t<\/section>\n\t\t\t\t<\/div>\n\t\t","protected":false},"excerpt":{"rendered":"<p>PARAB\u00c9NS !O seu Boleto Foi gerado com sucesso! VOC\u00ca ACABA DE ADQUIRIR O PASSO A PASSO PARA PERDER PESO DE FORMA SAUD\u00c1VEL E DEFINITIVA! Fa\u00e7a o pagamento o mais r\u00e1pido para voc\u00ea iniciar a mudan\u00e7a na sua vida!!! O acesso para o material ser\u00e1 enviado para o Email que voc\u00ea cadastrou! Pagamentos via Boletos, o&#8230;<\/p>\n","protected":false},"author":1,"featured_media":0,"parent":0,"menu_order":0,"comment_status":"closed","ping_status":"closed","template":"elementor_canvas","meta":{"_kadence_starter_templates_imported_post":false,"_kad_post_transparent":"","_kad_post_title":"","_kad_post_layout":"","_kad_post_sidebar_id":"","_kad_post_content_style":"","_kad_post_vertical_padding":"","_kad_post_feature":"","_kad_post_feature_position":"","_kad_post_header":false,"_kad_post_footer":false,"footnotes":""},"class_list":["post-1683","page","type-page","status-publish","hentry"],"jetpack_sharing_enabled":true,"_links":{"self":[{"href":"https:\/\/crescernet.com.br\/plano30dias\/index.php\/wp-json\/wp\/v2\/pages\/1683"}],"collection":[{"href":"https:\/\/crescernet.com.br\/plano30dias\/index.php\/wp-json\/wp\/v2\/pages"}],"about":[{"href":"https:\/\/crescernet.com.br\/plano30dias\/index.php\/wp-json\/wp\/v2\/types\/page"}],"author":[{"embeddable":true,"href":"https:\/\/crescernet.com.br\/plano30dias\/index.php\/wp-json\/wp\/v2\/users\/1"}],"replies":[{"embeddable":true,"href":"https:\/\/crescernet.com.br\/plano30dias\/index.php\/wp-json\/wp\/v2\/comments?post=1683"}],"version-history":[{"count":4,"href":"https:\/\/crescernet.com.br\/plano30dias\/index.php\/wp-json\/wp\/v2\/pages\/1683\/revisions"}],"predecessor-version":[{"id":1687,"href":"https:\/\/crescernet.com.br\/plano30dias\/index.php\/wp-json\/wp\/v2\/pages\/1683\/revisions\/1687"}],"wp:attachment":[{"href":"https:\/\/crescernet.com.br\/plano30dias\/index.php\/wp-json\/wp\/v2\/media?parent=1683"}],"curies":[{"name":"wp","href":"https:\/\/api.w.org\/{rel}","templated":true}]}}