{"id":129,"date":"2020-04-11T12:09:17","date_gmt":"2020-04-11T15:09:17","guid":{"rendered":"http:\/\/crescernet.com.br\/plano30dias\/?page_id=129"},"modified":"2020-04-17T15:30:49","modified_gmt":"2020-04-17T18:30:49","slug":"termos-de-uso","status":"publish","type":"page","link":"https:\/\/crescernet.com.br\/plano30dias\/index.php\/termos-de-uso\/","title":{"rendered":"Termos De Uso"},"content":{"rendered":"\t\t<div data-elementor-type=\"wp-page\" data-elementor-id=\"129\" class=\"elementor elementor-129\">\n\t\t\t\t\t\t<section class=\"elementor-section elementor-top-section elementor-element elementor-element-43bb548 elementor-section-boxed elementor-section-height-default elementor-section-height-default\" data-id=\"43bb548\" data-element_type=\"section\" data-settings=\"{&quot;background_background&quot;:&quot;classic&quot;}\">\n\t\t\t\t\t\t<div class=\"elementor-container elementor-column-gap-default\">\n\t\t\t\t\t<div class=\"elementor-column elementor-col-100 elementor-top-column elementor-element elementor-element-5c8d89c\" data-id=\"5c8d89c\" data-element_type=\"column\">\n\t\t\t<div class=\"elementor-widget-wrap elementor-element-populated\">\n\t\t\t\t\t\t<div class=\"elementor-element elementor-element-a41db17 elementor-widget elementor-widget-text-editor\" data-id=\"a41db17\" data-element_type=\"widget\" data-widget_type=\"text-editor.default\">\n\t\t\t\t<div class=\"elementor-widget-container\">\n\t\t\t\t\t\t\t\t\t<h2 data-selector=\"h2\">Termos de Uso<\/h2>\n<p><strong>Aten\u00e7\u00e3o:<\/strong> Os depoimentos citados no site s\u00e3o experi\u00eancias pessoais de cada usu\u00e1rio e n\u00e3o \u00e9 garantido que voc\u00ea poder\u00e1 obter os mesmos resultados. Como qualquer outro programa de emagrecimento, voc\u00ea assume certos riscos para a sua sa\u00fade e seguran\u00e7a utilizando estes livros digitais. \u00c9 importante que voc\u00ea saiba que estes livros digitais n\u00e3o substitui um acompanhamento profissional e especializado de um m\u00e9dico ou nutricionista, at\u00e9 mesmo recomendamos no e-book que voc\u00ea sempre procure um m\u00e9dico ou nutricionista antes de iniciar qualquer dieta, pr\u00e1tica de exerc\u00edcios ou mudan\u00e7a alimentar, evitando assim problemas futuros.<\/p>\n<p>Estes termos de servi\u00e7o regulam o uso deste site. Ao acess\u00e1-lo voc\u00ea concorda com estes termos. Por favor, consulte regularmente os nossos termos de servi\u00e7o.<\/p>\n<p>O website Plano 30 Dias \u00e9 um servi\u00e7o interativo oferecido em por meio de p\u00e1gina eletr\u00f4nica na internet que oferece informa\u00e7\u00f5es sobre servi\u00e7os a partir da integra\u00e7\u00e3o de diversas fontes de informa\u00e7\u00e3o.<\/p>\n<p>O acesso ao material representa a aceita\u00e7\u00e3o expressa e irrestrita dos termos de uso abaixo descritos. Se voc\u00ea n\u00e3o concorda com os termos, por favor, n\u00e3o acesse nem utilize este website.<\/p>\n<p>O visitante poder\u00e1 usar este site apenas para finalidades l\u00edcitas. Este espa\u00e7o n\u00e3o poder\u00e1 ser utilizado para para publicar, enviar, distribuir ou divulgar conte\u00fados ou informa\u00e7\u00e3o de car\u00e1ter difamat\u00f3rio, obsceno ou il\u00edcito, inclusive informa\u00e7\u00f5es de propriedade exclusiva pertencentes a outras pessoas ou empresas, bem como marcas registradas ou informa\u00e7\u00f5es protegidas por direitos autorais, sem a expressa autoriza\u00e7\u00e3o do detentor desses direitos. Ainda, o visitante n\u00e3o poder\u00e1 usar o site&nbsp;<span style=\"letter-spacing: -0.27px;\">Plano 30 Dias<\/span>&nbsp;para obter ou divulgar informa\u00e7\u00f5es pessoais, inclusive endere\u00e7os na Internet, sobre os usu\u00e1rios do site.<\/p>\n<p>A&nbsp;<span style=\"letter-spacing: -0.27px;\">Plano 30 Dias&nbsp;<\/span>empenha-se em manter a qualidade, atualidade e autenticidade das informa\u00e7\u00f5es do site, mas seus criadores e colaboradores n\u00e3o se responsabilizam por eventuais falhas nos servi\u00e7os ou inexatid\u00e3o das informa\u00e7\u00f5es oferecidas. O usu\u00e1rio n\u00e3o deve ter como pressuposto que tais servi\u00e7os e informa\u00e7\u00f5es s\u00e3o isentos de erros ou ser\u00e3o adequados aos seus objetivos particulares. Os criadores e colaboradores tao pouco assumem o compromisso de atualizar as informa\u00e7\u00f5es, e reservam-se o direito de alterar as condi\u00e7\u00f5es de uso ou pre\u00e7os dos servi\u00e7os e produtos oferecidos no site a qualquer momento.<\/p>\n<p>O acesso ao site&nbsp;<span style=\"letter-spacing: -0.27px;\">Plano 30 Dias<\/span>&nbsp;\u00e9 gratuito. A&nbsp;<span style=\"letter-spacing: -0.27px;\">Plano 30 Dias<\/span>&nbsp;poder\u00e1 criar \u00e1reas de acesso exclusivo aos seus clientes ou para terceiros especialmente autorizados.<\/p>\n<p>Os criadores e colaboradores da&nbsp;<span style=\"letter-spacing: -0.27px;\">Plano 30 Dias<\/span>&nbsp;poder\u00e3o a seu exclusivo crit\u00e9rio e em qualquer tempo, modificar ou desativar o site, bem como limitar, cancelar ou suspender seu uso ou o acesso. Tamb\u00e9m estes Termos de Uso poder\u00e3o ser alterados a qualquer tempo. Visite regularmente esta p\u00e1gina e consulte os Termos ent\u00e3o vigentes. Algumas disposi\u00e7\u00f5es destes Termos podem ser substitu\u00eddas por termos ou avisos legais expressos localizados em determinadas p\u00e1ginas deste site.<\/p>\n<p>Erros e falhas<\/p>\n<p>Os documentos, informa\u00e7\u00f5es, imagens e gr\u00e1ficos publicados neste site podem conter imprecis\u00f5es t\u00e9cnicas ou erros tipogr\u00e1ficos. Em nenhuma hip\u00f3tese a&nbsp;<span style=\"letter-spacing: -0.27px;\">Plano 30 Dias<\/span>&nbsp;e\/ou seus respectivos fornecedores ser\u00e3o respons\u00e1veis por qualquer dano direto ou indireto decorrente da impossibilidade de uso, perda de dados ou lucros, resultante do acesso e desempenho do site, dos servi\u00e7os oferecidos ou de informa\u00e7\u00f5es dispon\u00edveis neste site. O acesso aos servi\u00e7os, materiais, informa\u00e7\u00f5es e facilidades contidas neste website n\u00e3o garante a sua qualidade.<\/p>\n<p>Limita\u00e7\u00e3o da responsabilidade<\/p>\n<p>Os materiais s\u00e3o fornecidos neste website sem nenhuma garantia expl\u00edcita ou impl\u00edcita de comercializa\u00e7\u00e3o ou adequa\u00e7\u00e3o a qualquer objetivo espec\u00edfico. Em nenhum caso a&nbsp;<span style=\"letter-spacing: -0.27px; text-align: left;\">Plano 30 Dias<\/span>&nbsp;ou os seus colaboradores ser\u00e3o responsabilizados por quaisquer danos, incluindo lucros cessantes, interrup\u00e7\u00e3o de neg\u00f3cio, ou perda de informa\u00e7\u00e3o que resultem do uso ou da incapacidade de usar os materiais. A&nbsp;<span style=\"letter-spacing: -0.27px;\">Plano 30 Dias<\/span>&nbsp;n\u00e3o garante a precis\u00e3o ou integridade das informa\u00e7\u00f5es, textos, gr\u00e1ficos, links e outros itens dos materiais.<\/p>\n<p>A&nbsp;<span style=\"letter-spacing: -0.27px;\">Plano 30 Dias<\/span>&nbsp;n\u00e3o se responsabiliza pelo conte\u00fado dos artigos e informa\u00e7\u00f5es aqui publicadas, uma vez que os textos s\u00e3o de autoria de terceiros e n\u00e3o traduzem, necessariamente, a opini\u00e3o do website.<\/p>\n<p>A&nbsp;<span style=\"letter-spacing: -0.27px;\">Plano 30 Dias<\/span>&nbsp;tampouco \u00e9 respons\u00e1vel pela viola\u00e7\u00e3o de direitos autorais decorrente de informa\u00e7\u00f5es, documentos e materiais publicados neste website, comprometendo-se a retir\u00e1-los do ar assim que notificado da infra\u00e7\u00e3o.<\/p>\n<p>Informa\u00e7\u00f5es enviadas pelos usu\u00e1rios e colaboradores<\/p>\n<p>Qualquer material, informa\u00e7\u00e3o, artigos ou outras comunica\u00e7\u00f5es que forem transmitidas, enviadas ou publicadas neste site ser\u00e3o considerados informa\u00e7\u00e3o n\u00e3o confidencial, e qualquer viola\u00e7\u00e3o aos direitos dos seus criadores n\u00e3o ser\u00e1 de responsabilidade da&nbsp;<span style=\"letter-spacing: -0.27px;\">Plano 30 Dias<\/span>. \u00c9 terminantemente proibido transmitir, trocar ou publicar, atrav\u00e9s deste website, qualquer material de cunho obsceno, difamat\u00f3rio ou ilegal, bem como textos ou cria\u00e7\u00f5es de terceiros sem a autoriza\u00e7\u00e3o do autor.&nbsp;<span style=\"letter-spacing: -0.27px;\">Plano 30 Dias<\/span>&nbsp;reserva-se o direito de restringir o acesso \u00e0s informa\u00e7\u00f5es enviadas por terceiros aos seus usu\u00e1rios.<\/p>\n<p>A&nbsp;<span style=\"letter-spacing: -0.27px;\">Plano 30 Dias<\/span>&nbsp;poder\u00e1, mas n\u00e3o \u00e9 obrigada, a monitorar, revistar e restringir o acesso a qualquer \u00e1rea no site onde usu\u00e1rios transmitem e trocam informa\u00e7\u00f5es entre si, incluindo, mas n\u00e3o limitado a, salas de chat, centro de mensagens ou outros f\u00f3runs de debates, podendo retirar do ar ou retirar o acesso a qualquer destas informa\u00e7\u00f5es ou comunica\u00e7\u00f5es. Por\u00e9m, a&nbsp;<span style=\"letter-spacing: -0.27px;\">Plano 30 Dias<\/span>&nbsp;n\u00e3o \u00e9 respons\u00e1vel pelo conte\u00fado de qualquer uma das informa\u00e7\u00f5es trocadas entre os usu\u00e1rios, sejam elas l\u00edcitas ou il\u00edcitas.<\/p>\n<p>Links para sites de terceiros<\/p>\n<p>Os sites apontados n\u00e3o est\u00e3o sob o controle da&nbsp;<span style=\"letter-spacing: -0.27px;\">Plano 30 Dias<\/span>&nbsp;que n\u00e3o \u00e9 respons\u00e1vel pelo conte\u00fado de qualquer outro website indicado ou acessado por meio da&nbsp;<span style=\"letter-spacing: -0.27px; text-align: left;\">Plano 30 Dias<\/span>&nbsp;reserva-se o direito de eliminar qualquer link ou direcionamento a outros sites ou servi\u00e7os a qualquer momento. A&nbsp;<span style=\"letter-spacing: -0.27px;\">Plano 30 Dias<\/span>&nbsp;n\u00e3o endossa firmas ou produtos indicados, acessados ou divulgados atrav\u00e9s deste website, tampouco pelos an\u00fancios aqui publicados, reservando-se o direito de publicar este alerta em suas p\u00e1ginas eletr\u00f4nicas sempre que considerar necess\u00e1rio.<\/p>\n<p>Direitos autorais e propriedade intelectual<\/p>\n<p>Os documentos, conte\u00fados e cria\u00e7\u00f5es contidos neste website pertencem aos seus criadores e colaboradores. A autoria dos conte\u00fado, material e imagens exibidos na&nbsp;<span style=\"letter-spacing: -0.27px;\">Plano 30 Dias<\/span>&nbsp;\u00e9 protegida por leis nacionais e internacionais. N\u00e3o podem ser copiados, reproduzidos, modificados, publicados, atualizados, postados, transmitidos ou distribu\u00eddos de qualquer maneira sem autoriza\u00e7\u00e3o pr\u00e9via e por escrito da&nbsp;<span style=\"letter-spacing: -0.27px;\">Plano 30 Dias<\/span>.<\/p>\n<p>As imagens contidas neste website s\u00e3o aqui incorporadas apenas para fins de visualiza\u00e7\u00e3o, e, salvo autoriza\u00e7\u00e3o expressa por escrito, n\u00e3o podem ser gravadas ou baixadas via download. A reprodu\u00e7\u00e3o ou armazenamento de materiais recuperados a partir deste servi\u00e7o sujeitar\u00e1 os infratores \u00e0s penas da lei.<br>O nome do site&nbsp;<span style=\"letter-spacing: -0.27px;\">Plano 30 Dias<\/span>&nbsp;, seu logotipo, o nome de dom\u00ednio para acesso na Internet, bem como todos os elementos caracter\u00edsticos da tecnologia desenvolvida e aqui apresentada, sob a forma da articula\u00e7\u00e3o de bases de dados, constituem marcas registradas e propriedades intelectuais privadas e todos os direitos decorrentes de seu registro s\u00e3o assegurados por lei. Alguns direitos de uso podem ser cedidos por&nbsp;<span style=\"letter-spacing: -0.27px;\">Plano 30 Dias<\/span>&nbsp;em contrato ou licen\u00e7a especial, que pode ser cancelada a qualquer momento se n\u00e3o cumpridos os seus termos.<\/p>\n<p>As marcas registradas da&nbsp;<span style=\"letter-spacing: -0.27px;\">Plano 30 Dias<\/span><span style=\"font-size: inherit; text-align: inherit; letter-spacing: -0.015em;\">&nbsp;s\u00f3 podem ser usadas publicamente com autoriza\u00e7\u00e3o expressa. O uso destas marcas registradas em publicidade e promo\u00e7\u00e3o de produtos deve ser adequadamente informado.<\/span><\/p>\n<p>Reclama\u00e7\u00f5es sobre viola\u00e7\u00e3o de direitos autorais<\/p>\n<p>A&nbsp;<span style=\"letter-spacing: -0.27px;\">Plano 30 Dias<\/span>&nbsp;respeita a propriedade intelectual de outras pessoas ou empresas e solicitamos aos nossos membros que fa\u00e7am o mesmo. Toda e qualquer viola\u00e7\u00e3o de direitos autorais dever\u00e1 ser notificada a&nbsp;<span style=\"letter-spacing: -0.27px;\">Plano 30 Dias<\/span>&nbsp;e acompanhada dos documentos e informa\u00e7\u00f5es que confirmam a autoria. A notifica\u00e7\u00e3o poder\u00e1 ser enviada pelos e-mails constantes do site ou via postal para o endere\u00e7o do site.<\/p>\n<p>Leis aplic\u00e1veis<\/p>\n<p>Este site \u00e9 controlado e operado pela&nbsp;<span style=\"letter-spacing: -0.27px;\">Plano 30 Dias<\/span>&nbsp;e n\u00e3o garante que o conte\u00fado ou materiais estejam dispon\u00edveis para uso em outras localidades. Seu acesso \u00e9 proibido em territ\u00f3rios onde o conte\u00fado seja considerado ilegal. Aqueles que optarem por acessar este site a partir de outras localidades o far\u00e3o por iniciativa pr\u00f3pria e ser\u00e3o respons\u00e1veis pelo cumprimento das leis locais aplic\u00e1veis. Os materiais n\u00e3o dever\u00e3o ser usados ou exportados em descumprimento das leis brasileiras sobre exporta\u00e7\u00e3o. Qualquer pend\u00eancia com rela\u00e7\u00e3o aos materiais ser\u00e1 dirimida pelas leis brasileiras.<\/p>\n<p>O acesso a&nbsp;<span style=\"letter-spacing: -0.27px;\">Plano 30 Dias<\/span>&nbsp;representa a aceita\u00e7\u00e3o expressa e irrestrita dos termos de uso acima descritos.<\/p>\t\t\t\t\t\t\t\t<\/div>\n\t\t\t\t<\/div>\n\t\t\t\t\t<\/div>\n\t\t<\/div>\n\t\t\t\t\t<\/div>\n\t\t<\/section>\n\t\t\t\t<\/div>\n\t\t","protected":false},"excerpt":{"rendered":"<p>Termos de Uso Aten\u00e7\u00e3o: Os depoimentos citados no site s\u00e3o experi\u00eancias pessoais de cada usu\u00e1rio e n\u00e3o \u00e9 garantido que voc\u00ea poder\u00e1 obter os mesmos resultados. Como qualquer outro programa de emagrecimento, voc\u00ea assume certos riscos para a sua sa\u00fade e seguran\u00e7a utilizando estes livros digitais. \u00c9 importante que voc\u00ea saiba que estes livros digitais&#8230;<\/p>\n","protected":false},"author":1,"featured_media":0,"parent":0,"menu_order":0,"comment_status":"closed","ping_status":"closed","template":"elementor_canvas","meta":{"_kadence_starter_templates_imported_post":false,"_kad_post_transparent":"","_kad_post_title":"","_kad_post_layout":"","_kad_post_sidebar_id":"","_kad_post_content_style":"","_kad_post_vertical_padding":"","_kad_post_feature":"","_kad_post_feature_position":"","_kad_post_header":false,"_kad_post_footer":false,"footnotes":""},"class_list":["post-129","page","type-page","status-publish","hentry"],"jetpack_sharing_enabled":true,"_links":{"self":[{"href":"https:\/\/crescernet.com.br\/plano30dias\/index.php\/wp-json\/wp\/v2\/pages\/129"}],"collection":[{"href":"https:\/\/crescernet.com.br\/plano30dias\/index.php\/wp-json\/wp\/v2\/pages"}],"about":[{"href":"https:\/\/crescernet.com.br\/plano30dias\/index.php\/wp-json\/wp\/v2\/types\/page"}],"author":[{"embeddable":true,"href":"https:\/\/crescernet.com.br\/plano30dias\/index.php\/wp-json\/wp\/v2\/users\/1"}],"replies":[{"embeddable":true,"href":"https:\/\/crescernet.com.br\/plano30dias\/index.php\/wp-json\/wp\/v2\/comments?post=129"}],"version-history":[{"count":5,"href":"https:\/\/crescernet.com.br\/plano30dias\/index.php\/wp-json\/wp\/v2\/pages\/129\/revisions"}],"predecessor-version":[{"id":343,"href":"https:\/\/crescernet.com.br\/plano30dias\/index.php\/wp-json\/wp\/v2\/pages\/129\/revisions\/343"}],"wp:attachment":[{"href":"https:\/\/crescernet.com.br\/plano30dias\/index.php\/wp-json\/wp\/v2\/media?parent=129"}],"curies":[{"name":"wp","href":"https:\/\/api.w.org\/{rel}","templated":true}]}}